{"id":143219,"date":"2024-11-15T09:05:26","date_gmt":"2024-11-12T14:46:42","guid":{"rendered":"https:\/\/www.sylvie-monthule.com\/?post_type=product&p=143219"},"modified":"2024-11-13T14:46:42","modified_gmt":"2024-11-12T14:46:42","slug":"anhanger-katzenfrau-gold","status":"publish","type":"product","link":"https:\/\/www.sylvie-monthule.com\/de\/juwel\/anhanger-katzenfrau-gold\/","title":{"rendered":"Anh\u00e4nger katzenfrau Gold"},"content":{"rendered":"<p>Katzenfrau so sinnlich, so provokant &#8230; Sprungbereite Frau, die ihren Katzenschwanz kr\u00fcmmt. Wollust eines gold Anh\u00e4ngers, der auf der Haut schnurrt!<\/p>\n","protected":false},"excerpt":{"rendered":"<p>Katzenfrauenanh\u00e4nger an 50 cm langer Kette<\/p>\n<p>1 Mikron 16 Karat und 24 Karat Finish auf Metall.<br \/>\nAnh\u00e4ngerh\u00f6he mit H\u00e4matit-Tropfen: 5,5 cm.<br \/>\nHypoallergen.<\/p>\n","protected":false},"featured_media":142729,"template":"","meta":{"_acf_changed":false},"product_brand":[],"product_cat":[1683,1696],"product_tag":[],"class_list":{"0":"post-143219","1":"product","2":"type-product","3":"status-publish","4":"has-post-thumbnail","6":"product_cat-schmuck-fur-sie","7":"product_cat-halsketten-und-ohrringe","8":"collection-wenn-schmuck-wagt","10":"first","11":"instock","12":"taxable","13":"shipping-taxable","14":"purchasable","15":"product-type-simple"},"acf":[],"_links":{"self":[{"href":"https:\/\/www.sylvie-monthule.com\/de\/wp-json\/wp\/v2\/product\/143219","targetHints":{"allow":["GET"]}}],"collection":[{"href":"https:\/\/www.sylvie-monthule.com\/de\/wp-json\/wp\/v2\/product"}],"about":[{"href":"https:\/\/www.sylvie-monthule.com\/de\/wp-json\/wp\/v2\/types\/product"}],"wp:featuredmedia":[{"embeddable":true,"href":"https:\/\/www.sylvie-monthule.com\/de\/wp-json\/wp\/v2\/media\/142729"}],"wp:attachment":[{"href":"https:\/\/www.sylvie-monthule.com\/de\/wp-json\/wp\/v2\/media?parent=143219"}],"wp:term":[{"taxonomy":"product_brand","embeddable":true,"href":"https:\/\/www.sylvie-monthule.com\/de\/wp-json\/wp\/v2\/product_brand?post=143219"},{"taxonomy":"product_cat","embeddable":true,"href":"https:\/\/www.sylvie-monthule.com\/de\/wp-json\/wp\/v2\/product_cat?post=143219"},{"taxonomy":"product_tag","embeddable":true,"href":"https:\/\/www.sylvie-monthule.com\/de\/wp-json\/wp\/v2\/product_tag?post=143219"}],"curies":[{"name":"wp","href":"https:\/\/api.w.org\/{rel}","templated":true}]}}