{"id":143213,"date":"2024-11-15T09:05:27","date_gmt":"2024-11-12T14:46:40","guid":{"rendered":"https:\/\/www.sylvie-monthule.com\/?post_type=product&p=143213"},"modified":"2024-11-13T14:46:40","modified_gmt":"2024-11-12T14:46:40","slug":"brustchmuck-liebeskatzen-gold","status":"publish","type":"product","link":"https:\/\/www.sylvie-monthule.com\/de\/juwel\/brustchmuck-liebeskatzen-gold\/","title":{"rendered":"Brustchmuck &#8222;Liebeskatzen&#8220; Gold"},"content":{"rendered":"<p>Auf Ihrer Haut werden zwei gold Katzen zu einer. Ihre Katzenschw\u00e4nze verflechten sich ineinander und die glitzernden Ketten tanzen auf Ihren Br\u00fcsten. Ihre zart gefangenen Nippel, geben sich dem Glanz erhabener Kristalle hin. In der Nacht umarmen sich zwei Katzen, und ihre Liebe unter dem Mond zu besingen&#8230; Ein K\u00f6rperschmuck von unendlicher Sinnlichkeit.<\/p>\n","protected":false},"excerpt":{"rendered":"<p>Dank der Halsverstellkette Sie k\u00f6nnen die Position des Anh\u00e4ngers nach Ihren W\u00fcnschen anpassen.<br \/>\nBrustscmuck mit ohne piercing System, schmerzfrei und verschiebbar,<br \/>\npasst sich allen Nippeldurchmessern an.<\/p>\n<p>1 Mikron 16 Karat und 24 Karat Finish und<br \/>\n10 Mikron versilbert auf Metall.<br \/>\nAnh\u00e4ngerh\u00f6he; 3,5 cm.<br \/>\nFacettierte Kristalle<br \/>\nHypoallergen.<\/p>\n","protected":false},"featured_media":142689,"template":"","meta":{"_acf_changed":false},"product_brand":[],"product_cat":[1683,1692],"product_tag":[],"class_list":{"0":"post-143213","1":"product","2":"type-product","3":"status-publish","4":"has-post-thumbnail","6":"product_cat-schmuck-fur-sie","7":"product_cat-brustschmuck-ohne-piercing","8":"collection-wenn-schmuck-wagt","10":"first","11":"instock","12":"taxable","13":"shipping-taxable","14":"purchasable","15":"product-type-simple"},"acf":[],"_links":{"self":[{"href":"https:\/\/www.sylvie-monthule.com\/de\/wp-json\/wp\/v2\/product\/143213","targetHints":{"allow":["GET"]}}],"collection":[{"href":"https:\/\/www.sylvie-monthule.com\/de\/wp-json\/wp\/v2\/product"}],"about":[{"href":"https:\/\/www.sylvie-monthule.com\/de\/wp-json\/wp\/v2\/types\/product"}],"wp:featuredmedia":[{"embeddable":true,"href":"https:\/\/www.sylvie-monthule.com\/de\/wp-json\/wp\/v2\/media\/142689"}],"wp:attachment":[{"href":"https:\/\/www.sylvie-monthule.com\/de\/wp-json\/wp\/v2\/media?parent=143213"}],"wp:term":[{"taxonomy":"product_brand","embeddable":true,"href":"https:\/\/www.sylvie-monthule.com\/de\/wp-json\/wp\/v2\/product_brand?post=143213"},{"taxonomy":"product_cat","embeddable":true,"href":"https:\/\/www.sylvie-monthule.com\/de\/wp-json\/wp\/v2\/product_cat?post=143213"},{"taxonomy":"product_tag","embeddable":true,"href":"https:\/\/www.sylvie-monthule.com\/de\/wp-json\/wp\/v2\/product_tag?post=143213"}],"curies":[{"name":"wp","href":"https:\/\/api.w.org\/{rel}","templated":true}]}}