{"id":143210,"date":"2024-11-15T09:05:27","date_gmt":"2024-11-12T14:46:39","guid":{"rendered":"https:\/\/www.sylvie-monthule.com\/?post_type=product&p=143210"},"modified":"2024-11-13T14:46:39","modified_gmt":"2024-11-12T14:46:39","slug":"brust-collier-katzenfrau-silber","status":"publish","type":"product","link":"https:\/\/www.sylvie-monthule.com\/de\/juwel\/brust-collier-katzenfrau-silber\/","title":{"rendered":"Brust-Collier &#8222;Katzenfrau&#8220; Silber"},"content":{"rendered":"<p>In der Vertiefung Ihres Dekollet\u00e9s, eine Juwelenfrau &#8230; Der so sinnliche K\u00f6rper scheint sprungbereit zu sein und ihr Katzenschwanz windet sich in einer langen silber Volute. Eine katzenhafte Frau, die mit den Ketten spielt. die bis zu Ihren Br\u00fcsten flie\u00dfen, mit die Perlen, die unter Ihren Nippeln h\u00e4ngen&#8230; Katzenfrau mit samtenen Streicheleinheiten auf der nackten Haut.<\/p>\n","protected":false},"excerpt":{"rendered":"<p>Dank der Halsverstellkette Sie k\u00f6nnen die Position des Anh\u00e4ngers nach Ihren W\u00fcnschen anpassen.<br \/>\nBrustscmuck mit ohne piercing System, schmerzfrei und verschiebbar,<br \/>\npasst sich allen Nippeldurchmessern an.<\/p>\n<p>10 Mikron versilbert auf Metall.<br \/>\nAnh\u00e4ngerh\u00f6he; 4 cm.<br \/>\nPerlenh\u00e4matit.<br \/>\nHypoallergen.<\/p>\n","protected":false},"featured_media":142669,"template":"","meta":{"_acf_changed":false},"product_brand":[],"product_cat":[1683,1692],"product_tag":[],"class_list":{"0":"post-143210","1":"product","2":"type-product","3":"status-publish","4":"has-post-thumbnail","6":"product_cat-schmuck-fur-sie","7":"product_cat-brustschmuck-ohne-piercing","8":"collection-wenn-schmuck-wagt","10":"first","11":"instock","12":"taxable","13":"shipping-taxable","14":"purchasable","15":"product-type-simple"},"acf":[],"_links":{"self":[{"href":"https:\/\/www.sylvie-monthule.com\/de\/wp-json\/wp\/v2\/product\/143210","targetHints":{"allow":["GET"]}}],"collection":[{"href":"https:\/\/www.sylvie-monthule.com\/de\/wp-json\/wp\/v2\/product"}],"about":[{"href":"https:\/\/www.sylvie-monthule.com\/de\/wp-json\/wp\/v2\/types\/product"}],"wp:featuredmedia":[{"embeddable":true,"href":"https:\/\/www.sylvie-monthule.com\/de\/wp-json\/wp\/v2\/media\/142669"}],"wp:attachment":[{"href":"https:\/\/www.sylvie-monthule.com\/de\/wp-json\/wp\/v2\/media?parent=143210"}],"wp:term":[{"taxonomy":"product_brand","embeddable":true,"href":"https:\/\/www.sylvie-monthule.com\/de\/wp-json\/wp\/v2\/product_brand?post=143210"},{"taxonomy":"product_cat","embeddable":true,"href":"https:\/\/www.sylvie-monthule.com\/de\/wp-json\/wp\/v2\/product_cat?post=143210"},{"taxonomy":"product_tag","embeddable":true,"href":"https:\/\/www.sylvie-monthule.com\/de\/wp-json\/wp\/v2\/product_tag?post=143210"}],"curies":[{"name":"wp","href":"https:\/\/api.w.org\/{rel}","templated":true}]}}