{"id":143204,"date":"2024-11-15T09:05:28","date_gmt":"2024-11-12T14:46:37","guid":{"rendered":"https:\/\/www.sylvie-monthule.com\/?post_type=product&p=143204"},"modified":"2024-11-13T14:46:37","modified_gmt":"2024-11-12T14:46:37","slug":"nippelschmuck-silber-halbmond-gold","status":"publish","type":"product","link":"https:\/\/www.sylvie-monthule.com\/de\/juwel\/nippelschmuck-silber-halbmond-gold\/","title":{"rendered":"Nippelschmuck Silber &#8220; Halbmond Gold&#8220;"},"content":{"rendered":"<p>Im Herzen der Nacht glitzern zwei goldene Monde unter Ihren Brustwarzen &#8230; Mondsicheln mit magischem Glanz streicheln den Samt Ihrer Br\u00fcste mit ihren silbernen Ketten und funkelnden Kristallen. Zwei Monde im Mondlicht&#8230;<\/p>\n","protected":false},"excerpt":{"rendered":"<p>Schmuck mit System ohne Piercing, schmerzlos und gleitend,<br \/>\nanpassungsf\u00e4hig alle Brustwarzengr\u00f6\u00dfen.<\/p>\n<p>10 Mikron versilbert auf Metall und 1 Mikron 16 Karat und 24 Karat Finish<br \/>\nFacettierte Kristalle<br \/>\nHypoallergen.<\/p>\n","protected":false},"featured_media":142349,"template":"","meta":{"_acf_changed":false},"product_brand":[],"product_cat":[1683,1692],"product_tag":[],"class_list":{"0":"post-143204","1":"product","2":"type-product","3":"status-publish","4":"has-post-thumbnail","6":"product_cat-schmuck-fur-sie","7":"product_cat-brustschmuck-ohne-piercing","8":"collection-wenn-schmuck-wagt","9":"product_option-sold-in-pairs-de","11":"first","12":"instock","13":"taxable","14":"shipping-taxable","15":"purchasable","16":"product-type-simple"},"acf":[],"_links":{"self":[{"href":"https:\/\/www.sylvie-monthule.com\/de\/wp-json\/wp\/v2\/product\/143204","targetHints":{"allow":["GET"]}}],"collection":[{"href":"https:\/\/www.sylvie-monthule.com\/de\/wp-json\/wp\/v2\/product"}],"about":[{"href":"https:\/\/www.sylvie-monthule.com\/de\/wp-json\/wp\/v2\/types\/product"}],"wp:featuredmedia":[{"embeddable":true,"href":"https:\/\/www.sylvie-monthule.com\/de\/wp-json\/wp\/v2\/media\/142349"}],"wp:attachment":[{"href":"https:\/\/www.sylvie-monthule.com\/de\/wp-json\/wp\/v2\/media?parent=143204"}],"wp:term":[{"taxonomy":"product_brand","embeddable":true,"href":"https:\/\/www.sylvie-monthule.com\/de\/wp-json\/wp\/v2\/product_brand?post=143204"},{"taxonomy":"product_cat","embeddable":true,"href":"https:\/\/www.sylvie-monthule.com\/de\/wp-json\/wp\/v2\/product_cat?post=143204"},{"taxonomy":"product_tag","embeddable":true,"href":"https:\/\/www.sylvie-monthule.com\/de\/wp-json\/wp\/v2\/product_tag?post=143204"}],"curies":[{"name":"wp","href":"https:\/\/api.w.org\/{rel}","templated":true}]}}