{"id":143195,"date":"2024-11-15T09:05:29","date_gmt":"2024-11-12T14:46:34","guid":{"rendered":"https:\/\/www.sylvie-monthule.com\/?post_type=product&p=143195"},"modified":"2024-11-13T14:46:34","modified_gmt":"2024-11-12T14:46:34","slug":"nippelschmuck-katzenfrauen-gold","status":"publish","type":"product","link":"https:\/\/www.sylvie-monthule.com\/de\/juwel\/nippelschmuck-katzenfrauen-gold\/","title":{"rendered":"Nippelschmuck &#8222;Katzenfrauen&#8220; Gold"},"content":{"rendered":"<p>Zwei kleine, in Gold gekleidete Katzenfrauen haben Ihre Nippel eingefangen! Sie machen laszive Pausen und entfalten ihre Katzenschw\u00e4nze &#8230; Sinnlicher Schmuck, um Ihre Br\u00fcste zu sublimieren.<\/p>\n","protected":false},"excerpt":{"rendered":"<p>Schmuck mit System ohne Piercing, schmerzlos und gleitend,<br \/>\nanpassungsf\u00e4hig alle Brustwarzengr\u00f6\u00dfen.<\/p>\n<p>1 Mikron 16 Karat und 24 Karat Finish auf Metall.<br \/>\nPendelh\u00f6he; 2,5 cm<br \/>\nHypoallergen.<\/p>\n","protected":false},"featured_media":142297,"template":"","meta":{"_acf_changed":false},"product_brand":[],"product_cat":[1683,1692],"product_tag":[],"class_list":{"0":"post-143195","1":"product","2":"type-product","3":"status-publish","4":"has-post-thumbnail","6":"product_cat-schmuck-fur-sie","7":"product_cat-brustschmuck-ohne-piercing","8":"collection-wenn-schmuck-wagt","9":"product_option-sold-in-pairs-de","11":"first","12":"instock","13":"taxable","14":"shipping-taxable","15":"purchasable","16":"product-type-simple"},"acf":[],"_links":{"self":[{"href":"https:\/\/www.sylvie-monthule.com\/de\/wp-json\/wp\/v2\/product\/143195","targetHints":{"allow":["GET"]}}],"collection":[{"href":"https:\/\/www.sylvie-monthule.com\/de\/wp-json\/wp\/v2\/product"}],"about":[{"href":"https:\/\/www.sylvie-monthule.com\/de\/wp-json\/wp\/v2\/types\/product"}],"wp:featuredmedia":[{"embeddable":true,"href":"https:\/\/www.sylvie-monthule.com\/de\/wp-json\/wp\/v2\/media\/142297"}],"wp:attachment":[{"href":"https:\/\/www.sylvie-monthule.com\/de\/wp-json\/wp\/v2\/media?parent=143195"}],"wp:term":[{"taxonomy":"product_brand","embeddable":true,"href":"https:\/\/www.sylvie-monthule.com\/de\/wp-json\/wp\/v2\/product_brand?post=143195"},{"taxonomy":"product_cat","embeddable":true,"href":"https:\/\/www.sylvie-monthule.com\/de\/wp-json\/wp\/v2\/product_cat?post=143195"},{"taxonomy":"product_tag","embeddable":true,"href":"https:\/\/www.sylvie-monthule.com\/de\/wp-json\/wp\/v2\/product_tag?post=143195"}],"curies":[{"name":"wp","href":"https:\/\/api.w.org\/{rel}","templated":true}]}}