{"id":143189,"date":"2024-11-15T09:05:30","date_gmt":"2024-11-15T08:05:30","guid":{"rendered":"https:\/\/www.sylvie-monthule.com\/?post_type=product&p=143189"},"modified":"2024-11-13T14:46:32","modified_gmt":"2024-11-12T14:46:32","slug":"schmuck-bh-katzenpfote-samt-gold","status":"publish","type":"product","link":"https:\/\/www.sylvie-monthule.com\/de\/juwel\/schmuck-bh-katzenpfote-samt-gold\/","title":{"rendered":"Schmuck-BH &#8222;Katzenpfote Samt&#8220; Gold"},"content":{"rendered":"<p>Schieben Sie Ihre Brust in diesen Schmuck-BH, lassen Sie das Gold die Kurven Ihrer Br\u00fcste umarmen mit Sinnlichkeit. Die Satin-Tr\u00e4ger umschmeicheln Ihre Schultern und enth\u00fcllen die Spuren katzenartigen Glitzern auf Ihrer Haut&#8230; Ein Oben-ohne-Schmuckst\u00fcck, um Ihre Weiblichkeit zu sublimieren und Ihre katzenhaftesten Instinkte zu sch\u00fcren!<\/p>\n","protected":false},"excerpt":{"rendered":"<p>Voll verstellbarer Oben-ohne-BH.<br \/>\nNacken- und R\u00fcckenverstellung.<\/p>\n<p>Schwarze Satin-Tr\u00e4ger.<br \/>\n1 Mikron 16 Karat und 24-Karat-Finish auf Metall.<br \/>\nSchwarze Emaillierung.<br \/>\nHypoallergen.<\/p>\n","protected":false},"featured_media":142809,"template":"","meta":{"_acf_changed":false},"product_brand":[],"product_cat":[1683,1697],"product_tag":[],"class_list":{"0":"post-143189","1":"product","2":"type-product","3":"status-publish","4":"has-post-thumbnail","6":"product_cat-schmuck-fur-sie","7":"product_cat-schmuck-bhs","8":"collection-wenn-schmuck-wagt","10":"first","11":"instock","12":"taxable","13":"shipping-taxable","14":"purchasable","15":"product-type-simple"},"acf":[],"_links":{"self":[{"href":"https:\/\/www.sylvie-monthule.com\/de\/wp-json\/wp\/v2\/product\/143189","targetHints":{"allow":["GET"]}}],"collection":[{"href":"https:\/\/www.sylvie-monthule.com\/de\/wp-json\/wp\/v2\/product"}],"about":[{"href":"https:\/\/www.sylvie-monthule.com\/de\/wp-json\/wp\/v2\/types\/product"}],"wp:featuredmedia":[{"embeddable":true,"href":"https:\/\/www.sylvie-monthule.com\/de\/wp-json\/wp\/v2\/media\/142809"}],"wp:attachment":[{"href":"https:\/\/www.sylvie-monthule.com\/de\/wp-json\/wp\/v2\/media?parent=143189"}],"wp:term":[{"taxonomy":"product_brand","embeddable":true,"href":"https:\/\/www.sylvie-monthule.com\/de\/wp-json\/wp\/v2\/product_brand?post=143189"},{"taxonomy":"product_cat","embeddable":true,"href":"https:\/\/www.sylvie-monthule.com\/de\/wp-json\/wp\/v2\/product_cat?post=143189"},{"taxonomy":"product_tag","embeddable":true,"href":"https:\/\/www.sylvie-monthule.com\/de\/wp-json\/wp\/v2\/product_tag?post=143189"}],"curies":[{"name":"wp","href":"https:\/\/api.w.org\/{rel}","templated":true}]}}