{"id":143186,"date":"2024-11-15T09:05:31","date_gmt":"2024-11-12T14:46:31","guid":{"rendered":"https:\/\/www.sylvie-monthule.com\/?post_type=product&p=143186"},"modified":"2024-11-13T14:46:31","modified_gmt":"2024-11-12T14:46:31","slug":"schmuck-string-katzenpfote-samt-silber","status":"publish","type":"product","link":"https:\/\/www.sylvie-monthule.com\/de\/juwel\/schmuck-string-katzenpfote-samt-silber\/","title":{"rendered":"Schmuck-String &#8222;Katzenpfote Samt&#8220; Silber"},"content":{"rendered":"<p>Auf der Kurve Ihres Schambereichs, wie ein t\u00e4towiertes Schmuckst\u00fcck &#8230; ein katzenartiges Schmuckst\u00fcck, das mit Ihren Sinnen spielt. Die Samtpfoten, Katzenpfoten, gekleidet in Schwarz und Silber befreien die Drapierung von sinnlichen Ketten. Ein Hautjuwel, das den K\u00f6rper zu tausend Schauern erweckt, l\u00e4dt das Verlangen und die Liebe ein.<\/p>\n","protected":false},"excerpt":{"rendered":"<p>Dank der weichen Baumwollgummis Sie positionieren<br \/>\nden Tanga-Schmuck nach Ihren W\u00fcnschen.<\/p>\n<p>10 Mikron versilbert auf Metall.<br \/>\nSchwarze Emaillierung Juwel auf der R\u00fcckseite des Tangas.<br \/>\nHypoallergen.<\/p>\n","protected":false},"featured_media":143037,"template":"","meta":{"_acf_changed":false},"product_brand":[],"product_cat":[1683,1698],"product_tag":[],"class_list":{"0":"post-143186","1":"product","2":"type-product","3":"status-publish","4":"has-post-thumbnail","6":"product_cat-schmuck-fur-sie","7":"product_cat-schmuckstrings","8":"collection-wenn-schmuck-wagt","9":"product_option-size-information-de","11":"first","12":"instock","13":"taxable","14":"shipping-taxable","15":"purchasable","16":"product-type-simple"},"acf":[],"_links":{"self":[{"href":"https:\/\/www.sylvie-monthule.com\/de\/wp-json\/wp\/v2\/product\/143186","targetHints":{"allow":["GET"]}}],"collection":[{"href":"https:\/\/www.sylvie-monthule.com\/de\/wp-json\/wp\/v2\/product"}],"about":[{"href":"https:\/\/www.sylvie-monthule.com\/de\/wp-json\/wp\/v2\/types\/product"}],"wp:featuredmedia":[{"embeddable":true,"href":"https:\/\/www.sylvie-monthule.com\/de\/wp-json\/wp\/v2\/media\/143037"}],"wp:attachment":[{"href":"https:\/\/www.sylvie-monthule.com\/de\/wp-json\/wp\/v2\/media?parent=143186"}],"wp:term":[{"taxonomy":"product_brand","embeddable":true,"href":"https:\/\/www.sylvie-monthule.com\/de\/wp-json\/wp\/v2\/product_brand?post=143186"},{"taxonomy":"product_cat","embeddable":true,"href":"https:\/\/www.sylvie-monthule.com\/de\/wp-json\/wp\/v2\/product_cat?post=143186"},{"taxonomy":"product_tag","embeddable":true,"href":"https:\/\/www.sylvie-monthule.com\/de\/wp-json\/wp\/v2\/product_tag?post=143186"}],"curies":[{"name":"wp","href":"https:\/\/api.w.org\/{rel}","templated":true}]}}