{"id":143171,"date":"2024-11-15T09:05:33","date_gmt":"2024-11-12T14:46:26","guid":{"rendered":"https:\/\/www.sylvie-monthule.com\/?post_type=product&p=143171"},"modified":"2024-11-13T14:46:26","modified_gmt":"2024-11-12T14:46:26","slug":"sex-cover-geheime-lust-gold","status":"publish","type":"product","link":"https:\/\/www.sylvie-monthule.com\/de\/juwel\/sex-cover-geheime-lust-gold\/","title":{"rendered":"Sex-Cover &#8222;Geheime Lust&#8220; Gold"},"content":{"rendered":"<p>Unter dem goldenen Mini-Geschlechtsversteck, das mit katzenartigen Abdr\u00fccken verziert ist, verbirgt sich ein k\u00f6stliches Geheimnis&#8230; Eine Schlemmerkugel gleitet in Sie hinein, eine schwarze Kugel mit gl\u00e4nzenden Reflexen, eine Kugel, die Ihr Geschlecht massiert, es schmeckt, es berauscht&#8230; Ein aufregender String mit tollem Design, der wie ein Sextoy gestaltet ist!<\/p>\n","protected":false},"excerpt":{"rendered":"<p>Dank der weichen Baumwollgummis Sie positionieren<br \/>\nden Tanga-Schmuck nach Ihren W\u00fcnschen.<\/p>\n<p>Mini-Sex-Cover. Juwelenh\u00f6he (maximale Punktzahl) : 7,5 cm<br \/>\n1 Mikron 16 Karat und 24-Karat-Finish auf Metall.<br \/>\nKatzenpfoten mit schwarzer Emaillierung.<br \/>\nGl\u00e4nzend schwarze Harzkugel (Durchmesser 34 mm)<br \/>\nan angelschwei\u00dfter Kette (L\u00e4nge: 15 cm)<br \/>\nJuwel auf der R\u00fcckseite des Tangas.<br \/>\nHypoallergen.<\/p>\n","protected":false},"featured_media":142909,"template":"","meta":{"_acf_changed":false},"product_brand":[],"product_cat":[1683,1695],"product_tag":[],"class_list":{"0":"post-143171","1":"product","2":"type-product","3":"status-publish","4":"has-post-thumbnail","6":"product_cat-schmuck-fur-sie","7":"product_cat-stimulierender-und-penetrierender-schmuck","8":"collection-wenn-schmuck-wagt","9":"product_option-size-information-de","11":"first","12":"instock","13":"taxable","14":"shipping-taxable","15":"purchasable","16":"product-type-simple"},"acf":[],"_links":{"self":[{"href":"https:\/\/www.sylvie-monthule.com\/de\/wp-json\/wp\/v2\/product\/143171","targetHints":{"allow":["GET"]}}],"collection":[{"href":"https:\/\/www.sylvie-monthule.com\/de\/wp-json\/wp\/v2\/product"}],"about":[{"href":"https:\/\/www.sylvie-monthule.com\/de\/wp-json\/wp\/v2\/types\/product"}],"wp:featuredmedia":[{"embeddable":true,"href":"https:\/\/www.sylvie-monthule.com\/de\/wp-json\/wp\/v2\/media\/142909"}],"wp:attachment":[{"href":"https:\/\/www.sylvie-monthule.com\/de\/wp-json\/wp\/v2\/media?parent=143171"}],"wp:term":[{"taxonomy":"product_brand","embeddable":true,"href":"https:\/\/www.sylvie-monthule.com\/de\/wp-json\/wp\/v2\/product_brand?post=143171"},{"taxonomy":"product_cat","embeddable":true,"href":"https:\/\/www.sylvie-monthule.com\/de\/wp-json\/wp\/v2\/product_cat?post=143171"},{"taxonomy":"product_tag","embeddable":true,"href":"https:\/\/www.sylvie-monthule.com\/de\/wp-json\/wp\/v2\/product_tag?post=143171"}],"curies":[{"name":"wp","href":"https:\/\/api.w.org\/{rel}","templated":true}]}}