{"id":139195,"date":"2024-02-29T09:15:41","date_gmt":"2024-02-29T08:15:41","guid":{"rendered":"https:\/\/www.sylvie-monthule.com\/?post_type=product&#038;p=139195"},"modified":"2024-03-05T15:54:58","modified_gmt":"2024-03-05T14:54:58","slug":"sex-clips-facetten-kristalle","status":"publish","type":"product","link":"https:\/\/www.sylvie-monthule.com\/de\/juwel\/sex-clips-facetten-kristalle\/","title":{"rendered":"Sex-Clips Facetten Kristalle"},"content":{"rendered":"<p>Bekleide dein Geschlecht mit Strasssteinen ohne Piercing!<br \/>\nSchmuckst\u00fccke, die auf kleine oder gro\u00dfe Schamlippen geklippt werden k\u00f6nnen.<br \/>\num in Sch\u00f6nheit die Illusion eines echten Piercings zu erzeugen.<br \/>\nKetten mit facettierten Kristallen.<br \/>\nwerden Ihre Geheimnisse mit Wonne streifen&#8230;<\/p>\n","protected":false},"excerpt":{"rendered":"<p>Intimclips ohne Piercing.<br \/>\nZur Positionierung auf den kleinen oder gro\u00dfen Schamlippen.<\/p>\n<p>Clips und Ornamente:<br \/>\n1 Mikron 16 Karat und 24 Karat Finish auf Metall.<br \/>\nFacettierte Kristalle.<br \/>\nAnh\u00e4nger Ketten und Kristalle<br \/>\nHypoallergen.<\/p>\n","protected":false},"featured_media":139101,"template":"","meta":{"_acf_changed":false},"product_brand":[],"product_cat":[1693],"product_tag":[],"class_list":{"0":"post-139195","1":"product","2":"type-product","3":"status-publish","4":"has-post-thumbnail","6":"product_cat-labienschmuck-ohne-piercing","7":"collection-schmuck-schwindel-der-sinne","8":"product_option-sold-in-pairs-de","10":"first","11":"instock","12":"taxable","13":"shipping-taxable","14":"purchasable","15":"product-type-simple"},"acf":[],"_links":{"self":[{"href":"https:\/\/www.sylvie-monthule.com\/de\/wp-json\/wp\/v2\/product\/139195","targetHints":{"allow":["GET"]}}],"collection":[{"href":"https:\/\/www.sylvie-monthule.com\/de\/wp-json\/wp\/v2\/product"}],"about":[{"href":"https:\/\/www.sylvie-monthule.com\/de\/wp-json\/wp\/v2\/types\/product"}],"wp:featuredmedia":[{"embeddable":true,"href":"https:\/\/www.sylvie-monthule.com\/de\/wp-json\/wp\/v2\/media\/139101"}],"wp:attachment":[{"href":"https:\/\/www.sylvie-monthule.com\/de\/wp-json\/wp\/v2\/media?parent=139195"}],"wp:term":[{"taxonomy":"product_brand","embeddable":true,"href":"https:\/\/www.sylvie-monthule.com\/de\/wp-json\/wp\/v2\/product_brand?post=139195"},{"taxonomy":"product_cat","embeddable":true,"href":"https:\/\/www.sylvie-monthule.com\/de\/wp-json\/wp\/v2\/product_cat?post=139195"},{"taxonomy":"product_tag","embeddable":true,"href":"https:\/\/www.sylvie-monthule.com\/de\/wp-json\/wp\/v2\/product_tag?post=139195"}],"curies":[{"name":"wp","href":"https:\/\/api.w.org\/{rel}","templated":true}]}}