{"id":139186,"date":"2024-05-22T13:28:05","date_gmt":"2024-05-22T12:28:05","guid":{"rendered":"https:\/\/www.sylvie-monthule.com\/?post_type=product&#038;p=139186"},"modified":"2025-01-10T11:40:07","modified_gmt":"2025-01-10T10:40:07","slug":"intim-clips-pompons-gold","status":"publish","type":"product","link":"https:\/\/www.sylvie-monthule.com\/de\/juwel\/intim-clips-pompons-gold\/","title":{"rendered":"Intim-Clips Pompons Gold"},"content":{"rendered":"<p>An Ihrer Intimit\u00e4t h\u00e4ngen zwei goldene Pompons<br \/>\nbewegen sich bei jeder Ihrer Bewegungen&#8230;<br \/>\nSie werden ihre unaufh\u00f6rlichen Ber\u00fchrungen sp\u00fcren<br \/>\nund ihre Liebkosungen auf Ihrem Geschlechtsteil.<br \/>\nEin elegantes und bequemes Intimschmuckst\u00fcck mit<br \/>\nseinem kristallverzierten Clip-System.<\/p>\n","protected":false},"excerpt":{"rendered":"<p>Intimclips ohne Piercing.<br \/>\nZur Positionierung auf den kleinen oder gro\u00dfen Schamlippen.<\/p>\n<p>Clips und Ornamente:<br \/>\n1 Mikron 16 Karat und 24 Karat Finish auf Metall.<br \/>\nFacettierte Kristalle.<br \/>\nAnh\u00e4nger Pompons ketten<br \/>\nHypoallergen.<\/p>\n","protected":false},"featured_media":139117,"template":"","meta":{"_acf_changed":false},"product_brand":[],"product_cat":[1693],"product_tag":[],"class_list":{"0":"post-139186","1":"product","2":"type-product","3":"status-publish","4":"has-post-thumbnail","6":"product_cat-labienschmuck-ohne-piercing","7":"collection-les-bijoux-sortilege-de","8":"product_option-sold-in-pairs-de","10":"first","11":"instock","12":"taxable","13":"shipping-taxable","14":"purchasable","15":"product-type-simple"},"acf":[],"_links":{"self":[{"href":"https:\/\/www.sylvie-monthule.com\/de\/wp-json\/wp\/v2\/product\/139186","targetHints":{"allow":["GET"]}}],"collection":[{"href":"https:\/\/www.sylvie-monthule.com\/de\/wp-json\/wp\/v2\/product"}],"about":[{"href":"https:\/\/www.sylvie-monthule.com\/de\/wp-json\/wp\/v2\/types\/product"}],"wp:featuredmedia":[{"embeddable":true,"href":"https:\/\/www.sylvie-monthule.com\/de\/wp-json\/wp\/v2\/media\/139117"}],"wp:attachment":[{"href":"https:\/\/www.sylvie-monthule.com\/de\/wp-json\/wp\/v2\/media?parent=139186"}],"wp:term":[{"taxonomy":"product_brand","embeddable":true,"href":"https:\/\/www.sylvie-monthule.com\/de\/wp-json\/wp\/v2\/product_brand?post=139186"},{"taxonomy":"product_cat","embeddable":true,"href":"https:\/\/www.sylvie-monthule.com\/de\/wp-json\/wp\/v2\/product_cat?post=139186"},{"taxonomy":"product_tag","embeddable":true,"href":"https:\/\/www.sylvie-monthule.com\/de\/wp-json\/wp\/v2\/product_tag?post=139186"}],"curies":[{"name":"wp","href":"https:\/\/api.w.org\/{rel}","templated":true}]}}