{"id":136037,"date":"2023-11-10T08:34:03","date_gmt":"2023-11-10T07:34:03","guid":{"rendered":"https:\/\/www.sylvie-monthule.com\/?post_type=product&#038;p=136037"},"modified":"2025-01-10T11:39:49","modified_gmt":"2025-01-10T10:39:49","slug":"schmuckstring-lustfrucht-silber","status":"publish","type":"product","link":"https:\/\/www.sylvie-monthule.com\/de\/juwel\/schmuckstring-lustfrucht-silber\/","title":{"rendered":"Schmuckstring &#8222;Lustfrucht&#8220; Silber"},"content":{"rendered":"<p>Die Schlemmerfrucht, die die D\u00fcne Ihres Geschlechts ziert ist eine Einladung zum Genuss . Der aufgeschnittene silber Apfel enth\u00fcllt in seinem Kern die ganze Sch\u00f6nheit : die Kurven Ihrer Schamlippen, die Klitoris , die Hautstruktur &#8230; wie s\u00fc\u00dfe Gaben, die bereit sind, gekostet zu werden. Und unter der verbotenen Frucht schwankt der Faltenwurf, streichelt, spielt mit Ihrem Verlangen.<\/p>\n","protected":false},"excerpt":{"rendered":"<p>Dank der weichen Baumwollgummis<br \/>\nSie positionieren den Tanga-Schmuck nach Ihren W\u00fcnschen.<\/p>\n<p>Apfel und Ornament:<br \/>\n10 Mikron versilbert auf Metall.<br \/>\nApfelh\u00f6he (mit Blatt); 4cm<br \/>\nHypoallergen.<\/p>\n","protected":false},"featured_media":135623,"template":"","meta":{"_acf_changed":false},"product_brand":[],"product_cat":[1869,1711],"product_tag":[],"class_list":{"0":"post-136037","1":"product","2":"type-product","3":"status-publish","4":"has-post-thumbnail","6":"product_cat-sonderangebote","7":"product_cat-angebote-auslaufende-serien","8":"collection-der-verbotene-garten","9":"product_option-size-information-de","11":"first","12":"instock","13":"sale","14":"taxable","15":"shipping-taxable","16":"purchasable","17":"product-type-simple"},"acf":[],"_links":{"self":[{"href":"https:\/\/www.sylvie-monthule.com\/de\/wp-json\/wp\/v2\/product\/136037","targetHints":{"allow":["GET"]}}],"collection":[{"href":"https:\/\/www.sylvie-monthule.com\/de\/wp-json\/wp\/v2\/product"}],"about":[{"href":"https:\/\/www.sylvie-monthule.com\/de\/wp-json\/wp\/v2\/types\/product"}],"wp:featuredmedia":[{"embeddable":true,"href":"https:\/\/www.sylvie-monthule.com\/de\/wp-json\/wp\/v2\/media\/135623"}],"wp:attachment":[{"href":"https:\/\/www.sylvie-monthule.com\/de\/wp-json\/wp\/v2\/media?parent=136037"}],"wp:term":[{"taxonomy":"product_brand","embeddable":true,"href":"https:\/\/www.sylvie-monthule.com\/de\/wp-json\/wp\/v2\/product_brand?post=136037"},{"taxonomy":"product_cat","embeddable":true,"href":"https:\/\/www.sylvie-monthule.com\/de\/wp-json\/wp\/v2\/product_cat?post=136037"},{"taxonomy":"product_tag","embeddable":true,"href":"https:\/\/www.sylvie-monthule.com\/de\/wp-json\/wp\/v2\/product_tag?post=136037"}],"curies":[{"name":"wp","href":"https:\/\/api.w.org\/{rel}","templated":true}]}}