{"id":136031,"date":"2023-11-10T08:34:03","date_gmt":"2023-11-10T07:39:28","guid":{"rendered":"https:\/\/www.sylvie-monthule.com\/?post_type=product&#038;p=136031"},"modified":"2025-01-10T11:39:50","modified_gmt":"2025-01-10T10:39:50","slug":"schmuckstring-liebesrose-silber","status":"publish","type":"product","link":"https:\/\/www.sylvie-monthule.com\/de\/juwel\/schmuckstring-liebesrose-silber\/","title":{"rendered":"Schmuckstring &#8222;Liebesrose&#8220; Silber"},"content":{"rendered":"<p>Auf deinem geheimen Garten, eine Rose kaum aufgebl\u00fcht, spricht von Liebe &#8230; Eine Rose mit Bl\u00fctenbl\u00e4ttern von exquisiter Zartheit von Laub umringt. Der Tropfen, der entweicht, flie\u00dft wie Tau zwischen Ihren Lippen, berauscht sich an Ihren weiblichen D\u00fcften, an Ihren Schauern &#8230; Auf der Haut nur eine in Silber gekleidete Rose die Ihr Geschlecht streichelt Und gleitet bis auf Ihren R\u00fccken hinab. ein blauer Glanz!<\/p>\n","protected":false},"excerpt":{"rendered":"<p>Dank der weichen Baumwollgummis<br \/>\nSie positionieren den Tanga-Schmuck nach Ihren W\u00fcnschen.<\/p>\n<p>Rose und Ornament:<br \/>\n10 Mikron versilbert auf Metall.<br \/>\nTropfenanh\u00e4nger und Riemenr\u00fcckseite mit Stein<br \/>\naus aquamarinblau gef\u00e4rbtem Glas.<br \/>\nJuwelenbreite (Rose und Blattwerk); 4 cm.<br \/>\nHypoallergen.<\/p>\n","protected":false},"featured_media":135667,"template":"","meta":{"_acf_changed":false},"product_brand":[],"product_cat":[1683,1698],"product_tag":[],"class_list":{"0":"post-136031","1":"product","2":"type-product","3":"status-publish","4":"has-post-thumbnail","6":"product_cat-schmuck-fur-sie","7":"product_cat-schmuckstrings","8":"collection-der-verbotene-garten","9":"product_option-size-information-de","11":"first","12":"instock","13":"taxable","14":"shipping-taxable","15":"purchasable","16":"product-type-simple"},"acf":[],"_links":{"self":[{"href":"https:\/\/www.sylvie-monthule.com\/de\/wp-json\/wp\/v2\/product\/136031","targetHints":{"allow":["GET"]}}],"collection":[{"href":"https:\/\/www.sylvie-monthule.com\/de\/wp-json\/wp\/v2\/product"}],"about":[{"href":"https:\/\/www.sylvie-monthule.com\/de\/wp-json\/wp\/v2\/types\/product"}],"wp:featuredmedia":[{"embeddable":true,"href":"https:\/\/www.sylvie-monthule.com\/de\/wp-json\/wp\/v2\/media\/135667"}],"wp:attachment":[{"href":"https:\/\/www.sylvie-monthule.com\/de\/wp-json\/wp\/v2\/media?parent=136031"}],"wp:term":[{"taxonomy":"product_brand","embeddable":true,"href":"https:\/\/www.sylvie-monthule.com\/de\/wp-json\/wp\/v2\/product_brand?post=136031"},{"taxonomy":"product_cat","embeddable":true,"href":"https:\/\/www.sylvie-monthule.com\/de\/wp-json\/wp\/v2\/product_cat?post=136031"},{"taxonomy":"product_tag","embeddable":true,"href":"https:\/\/www.sylvie-monthule.com\/de\/wp-json\/wp\/v2\/product_tag?post=136031"}],"curies":[{"name":"wp","href":"https:\/\/api.w.org\/{rel}","templated":true}]}}