{"id":136028,"date":"2023-11-10T08:34:02","date_gmt":"2023-11-10T07:39:29","guid":{"rendered":"https:\/\/www.sylvie-monthule.com\/?post_type=product&#038;p=136028"},"modified":"2025-01-10T11:39:50","modified_gmt":"2025-01-10T10:39:50","slug":"schmuckstring-geheimgarten-gold","status":"publish","type":"product","link":"https:\/\/www.sylvie-monthule.com\/de\/juwel\/schmuckstring-geheimgarten-gold\/","title":{"rendered":"Schmuckstring Geheimgarten Gold"},"content":{"rendered":"<p>Und wenn Nacktheit zu Juwel wird! Auf der Rundung Ihres geheimen Gartens, legt sich ein wundersch\u00f6nes Blatt aus Gold nieder, nur mit einem Hauch von Tau verziert&#8230; Die Ketten umschlingen Ihr Geschlecht f\u00fcr tausend Liebkosungen &#8230; Ein ovaler Stein so transparent wie ein Kristall, schm\u00fcckt die Kurve Ihres Ges\u00e4\u00dfes&#8230;<\/p>\n","protected":false},"excerpt":{"rendered":"<p>Dank der weichen Baumwollgummis<br \/>\nSie positionieren den Tanga-Schmuck nach Ihren W\u00fcnschen.<\/p>\n<p>Blatt und Ornament:<br \/>\n1 Mikron 16 Karat und 24 Karat Finish auf Metall.<br \/>\nTanga mit Stein auf Blatt und Steinr\u00fccken<br \/>\naus kristallfarbenem Glas.<br \/>\nBlatth\u00f6he; 4,5 cm (ungef\u00e4hr).<br \/>\nHypoallergen.<\/p>\n","protected":false},"featured_media":135695,"template":"","meta":{"_acf_changed":false},"product_brand":[],"product_cat":[1683,1698],"product_tag":[],"class_list":{"0":"post-136028","1":"product","2":"type-product","3":"status-publish","4":"has-post-thumbnail","6":"product_cat-schmuck-fur-sie","7":"product_cat-schmuckstrings","8":"collection-der-verbotene-garten","9":"product_option-size-information-de","11":"first","12":"instock","13":"taxable","14":"shipping-taxable","15":"purchasable","16":"product-type-simple"},"acf":[],"_links":{"self":[{"href":"https:\/\/www.sylvie-monthule.com\/de\/wp-json\/wp\/v2\/product\/136028","targetHints":{"allow":["GET"]}}],"collection":[{"href":"https:\/\/www.sylvie-monthule.com\/de\/wp-json\/wp\/v2\/product"}],"about":[{"href":"https:\/\/www.sylvie-monthule.com\/de\/wp-json\/wp\/v2\/types\/product"}],"wp:featuredmedia":[{"embeddable":true,"href":"https:\/\/www.sylvie-monthule.com\/de\/wp-json\/wp\/v2\/media\/135695"}],"wp:attachment":[{"href":"https:\/\/www.sylvie-monthule.com\/de\/wp-json\/wp\/v2\/media?parent=136028"}],"wp:term":[{"taxonomy":"product_brand","embeddable":true,"href":"https:\/\/www.sylvie-monthule.com\/de\/wp-json\/wp\/v2\/product_brand?post=136028"},{"taxonomy":"product_cat","embeddable":true,"href":"https:\/\/www.sylvie-monthule.com\/de\/wp-json\/wp\/v2\/product_cat?post=136028"},{"taxonomy":"product_tag","embeddable":true,"href":"https:\/\/www.sylvie-monthule.com\/de\/wp-json\/wp\/v2\/product_tag?post=136028"}],"curies":[{"name":"wp","href":"https:\/\/api.w.org\/{rel}","templated":true}]}}