{"id":136022,"date":"2023-11-10T08:34:02","date_gmt":"2023-11-10T07:34:02","guid":{"rendered":"https:\/\/www.sylvie-monthule.com\/?post_type=product&#038;p=136022"},"modified":"2025-01-10T11:39:37","modified_gmt":"2025-01-10T10:39:37","slug":"schmuckstring-garten-der-genusse-gold-2","status":"publish","type":"product","link":"https:\/\/www.sylvie-monthule.com\/de\/juwel\/schmuckstring-garten-der-genusse-gold-2\/","title":{"rendered":"Schmuckstring Garten der Gen\u00fcsse Gold"},"content":{"rendered":"<p>Zuerst der Anblick eines Blattgoldes samtweich, das auf Ihrem Venush\u00fcgel liegt. Ein Blatt, das mit einem Tautropfen verziert ist, rein, glitzernd. Dann die k\u00f6stliche Kugel, glatt und schwarz, gleitet, gibt sich zwischen Ihren Lippen hin &#8230; Wie ein geheimer Nektar, eine verbotene Frucht, damit der K\u00f6rper die Ekstase schmecken kann.<\/p>\n","protected":false},"excerpt":{"rendered":"<p>Dank der weichen Baumwollgummis<br \/>\nSie positionieren den Tanga-Schmuck nach Ihren W\u00fcnschen.<\/p>\n<p>Blatt und Ornament:<br \/>\n1 Mikron 16 Karat und 24 Karat Finish auf Metall.<br \/>\nTanga mit Stein auf Blatt und Steinr\u00fccken<br \/>\naus kristallfarbenem Glas.<br \/>\nGl\u00e4nzend schwarze Harzkugel (Durchmesser 34 mm)<br \/>\nan angeschwei\u00dfter Kette (lang: 15 cm)<br \/>\nHypoallergen.<\/p>\n","protected":false},"featured_media":135743,"template":"","meta":{"_acf_changed":false},"product_brand":[],"product_cat":[1683,1695],"product_tag":[],"class_list":{"0":"post-136022","1":"product","2":"type-product","3":"status-publish","4":"has-post-thumbnail","6":"product_cat-schmuck-fur-sie","7":"product_cat-stimulierender-und-penetrierender-schmuck","8":"collection-30-jahre-erotik","9":"collection-der-verbotene-garten","10":"product_option-size-information-de","12":"first","13":"instock","14":"taxable","15":"shipping-taxable","16":"purchasable","17":"product-type-simple"},"acf":[],"_links":{"self":[{"href":"https:\/\/www.sylvie-monthule.com\/de\/wp-json\/wp\/v2\/product\/136022","targetHints":{"allow":["GET"]}}],"collection":[{"href":"https:\/\/www.sylvie-monthule.com\/de\/wp-json\/wp\/v2\/product"}],"about":[{"href":"https:\/\/www.sylvie-monthule.com\/de\/wp-json\/wp\/v2\/types\/product"}],"wp:featuredmedia":[{"embeddable":true,"href":"https:\/\/www.sylvie-monthule.com\/de\/wp-json\/wp\/v2\/media\/135743"}],"wp:attachment":[{"href":"https:\/\/www.sylvie-monthule.com\/de\/wp-json\/wp\/v2\/media?parent=136022"}],"wp:term":[{"taxonomy":"product_brand","embeddable":true,"href":"https:\/\/www.sylvie-monthule.com\/de\/wp-json\/wp\/v2\/product_brand?post=136022"},{"taxonomy":"product_cat","embeddable":true,"href":"https:\/\/www.sylvie-monthule.com\/de\/wp-json\/wp\/v2\/product_cat?post=136022"},{"taxonomy":"product_tag","embeddable":true,"href":"https:\/\/www.sylvie-monthule.com\/de\/wp-json\/wp\/v2\/product_tag?post=136022"}],"curies":[{"name":"wp","href":"https:\/\/api.w.org\/{rel}","templated":true}]}}