{"id":136016,"date":"2023-11-10T08:34:01","date_gmt":"2023-11-10T07:34:01","guid":{"rendered":"https:\/\/www.sylvie-monthule.com\/?post_type=product&#038;p=136016"},"modified":"2025-01-10T11:39:51","modified_gmt":"2025-01-10T10:39:51","slug":"schmuckstring-aufregende-blume-gold","status":"publish","type":"product","link":"https:\/\/www.sylvie-monthule.com\/de\/juwel\/schmuckstring-aufregende-blume-gold\/","title":{"rendered":"Schmuckstring Aufregende Blume Gold"},"content":{"rendered":"<p>Eine erhabene Blume mit sprie\u00dfendem Stempel, wie eine Allegorie auf das Verlangen, den Rausch der Lust&#8230; Im Inneren der gold Bl\u00fcte erhebt sich die H\u00e4matitperle und ihre Anh\u00e4nger flattern auf deinem Geschlechtsteil &#8230; Ketten und Tropfen tanzen auf Ihren Schamlippen im Rhythmus Ihrer Bewegungen und tausend Liebkosungen verbreiten sich auf Ihrer Haut. Ein einzigartiges Schmuckst\u00fcck als Symbol f\u00fcr die Klitoris, die sich aufrichtet, des erigierten Penis &#8230; Ein Schmuckst\u00fcck als Symbol f\u00fcr das Verlangen das aufsteigt.<\/p>\n","protected":false},"excerpt":{"rendered":"<p>Dank der weichen Baumwollgummis<br \/>\nSie positionieren das Tanga-Juwel perfekt.<\/p>\n<p>Aronstab und Ornamente:<br \/>\n1 Mikron 16 Karat und 24 Karat Finish auf Metall.<br \/>\nH\u00e4matit-Tropfen.<br \/>\nAronstabh\u00f6he: ca. 5 cm<br \/>\nHypoallergen.<\/p>\n","protected":false},"featured_media":135783,"template":"","meta":{"_acf_changed":false},"product_brand":[],"product_cat":[1683,1698],"product_tag":[],"class_list":{"0":"post-136016","1":"product","2":"type-product","3":"status-publish","4":"has-post-thumbnail","6":"product_cat-schmuck-fur-sie","7":"product_cat-schmuckstrings","8":"collection-30-jahre-erotik","9":"collection-der-verbotene-garten","10":"product_option-size-information-de","12":"first","13":"instock","14":"taxable","15":"shipping-taxable","16":"purchasable","17":"product-type-simple"},"acf":[],"_links":{"self":[{"href":"https:\/\/www.sylvie-monthule.com\/de\/wp-json\/wp\/v2\/product\/136016","targetHints":{"allow":["GET"]}}],"collection":[{"href":"https:\/\/www.sylvie-monthule.com\/de\/wp-json\/wp\/v2\/product"}],"about":[{"href":"https:\/\/www.sylvie-monthule.com\/de\/wp-json\/wp\/v2\/types\/product"}],"wp:featuredmedia":[{"embeddable":true,"href":"https:\/\/www.sylvie-monthule.com\/de\/wp-json\/wp\/v2\/media\/135783"}],"wp:attachment":[{"href":"https:\/\/www.sylvie-monthule.com\/de\/wp-json\/wp\/v2\/media?parent=136016"}],"wp:term":[{"taxonomy":"product_brand","embeddable":true,"href":"https:\/\/www.sylvie-monthule.com\/de\/wp-json\/wp\/v2\/product_brand?post=136016"},{"taxonomy":"product_cat","embeddable":true,"href":"https:\/\/www.sylvie-monthule.com\/de\/wp-json\/wp\/v2\/product_cat?post=136016"},{"taxonomy":"product_tag","embeddable":true,"href":"https:\/\/www.sylvie-monthule.com\/de\/wp-json\/wp\/v2\/product_tag?post=136016"}],"curies":[{"name":"wp","href":"https:\/\/api.w.org\/{rel}","templated":true}]}}