{"id":136010,"date":"2023-11-10T08:34:00","date_gmt":"2023-11-10T07:39:31","guid":{"rendered":"https:\/\/www.sylvie-monthule.com\/?post_type=product&#038;p=136010"},"modified":"2024-10-03T12:59:45","modified_gmt":"2024-10-03T11:59:45","slug":"nippelschmuck-beiszapfel-gold","status":"publish","type":"product","link":"https:\/\/www.sylvie-monthule.com\/de\/juwel\/nippelschmuck-beiszapfel-gold\/","title":{"rendered":"Nippelschmuck &#8222;Bei\u00df\u00e4pfel&#8220; Gold"},"content":{"rendered":"<p>Erliegen Sie der Versuchung, Ihre Nippel zu schm\u00fccken mit kleinen goldenen \u00c4pfeln, mit bereits angebissenen \u00c4pfeln! Tragen Sie sie, um Ihre Lust zum Glitzern zu bringen. und sp\u00fcren Sie das Streicheln dieser Fr\u00fcchte der Lust!<\/p>\n","protected":false},"excerpt":{"rendered":"<p>Schmuck mit System ohne Piercing,<br \/>\nschmerzlos und gleitend, anpassungsf\u00e4hig<br \/>\nalle Brustwarzengr\u00f6\u00dfen.<\/p>\n<p>1 Mikron 16 Karat und 24 Karat Finish auf Metall.<br \/>\nHypoallergen.<\/p>\n","protected":false},"featured_media":134971,"template":"","meta":{"_acf_changed":false},"product_brand":[],"product_cat":[1683,1692],"product_tag":[],"class_list":{"0":"post-136010","1":"product","2":"type-product","3":"status-publish","4":"has-post-thumbnail","6":"product_cat-schmuck-fur-sie","7":"product_cat-brustschmuck-ohne-piercing","8":"collection-der-verbotene-garten","9":"product_option-sold-in-pairs-de","11":"first","12":"instock","13":"taxable","14":"shipping-taxable","15":"purchasable","16":"product-type-simple"},"acf":[],"_links":{"self":[{"href":"https:\/\/www.sylvie-monthule.com\/de\/wp-json\/wp\/v2\/product\/136010","targetHints":{"allow":["GET"]}}],"collection":[{"href":"https:\/\/www.sylvie-monthule.com\/de\/wp-json\/wp\/v2\/product"}],"about":[{"href":"https:\/\/www.sylvie-monthule.com\/de\/wp-json\/wp\/v2\/types\/product"}],"wp:featuredmedia":[{"embeddable":true,"href":"https:\/\/www.sylvie-monthule.com\/de\/wp-json\/wp\/v2\/media\/134971"}],"wp:attachment":[{"href":"https:\/\/www.sylvie-monthule.com\/de\/wp-json\/wp\/v2\/media?parent=136010"}],"wp:term":[{"taxonomy":"product_brand","embeddable":true,"href":"https:\/\/www.sylvie-monthule.com\/de\/wp-json\/wp\/v2\/product_brand?post=136010"},{"taxonomy":"product_cat","embeddable":true,"href":"https:\/\/www.sylvie-monthule.com\/de\/wp-json\/wp\/v2\/product_cat?post=136010"},{"taxonomy":"product_tag","embeddable":true,"href":"https:\/\/www.sylvie-monthule.com\/de\/wp-json\/wp\/v2\/product_tag?post=136010"}],"curies":[{"name":"wp","href":"https:\/\/api.w.org\/{rel}","templated":true}]}}