{"id":136007,"date":"2023-11-10T08:34:00","date_gmt":"2023-11-10T07:39:31","guid":{"rendered":"https:\/\/www.sylvie-monthule.com\/?post_type=product&#038;p=136007"},"modified":"2025-01-10T11:41:14","modified_gmt":"2025-01-10T10:41:14","slug":"nippelschmuck-beiszapfel-silber","status":"publish","type":"product","link":"https:\/\/www.sylvie-monthule.com\/de\/juwel\/nippelschmuck-beiszapfel-silber\/","title":{"rendered":"Nippelschmuck &#8222;Bei\u00df\u00e4pfel&#8220; Silber"},"content":{"rendered":"<p>Erliegen Sie der Versuchung, Ihre Nippel zu schm\u00fccken mit kleinen silbernen \u00c4pfeln, mit bereits angebissenen \u00c4pfeln! Tragen Sie sie, um Ihre Lust zum Glitzern zu bringen. und sp\u00fcren Sie das Streicheln dieser Fr\u00fcchte der Lust!<\/p>\n","protected":false},"excerpt":{"rendered":"<p>Schmuck mit System ohne Piercing,<br \/>\nschmerzlos und gleitend, anpassungsf\u00e4hig<br \/>\nalle Brustwarzengr\u00f6\u00dfen.<\/p>\n<p>10 Mikron versilbert auf Metall.<br \/>\nHypoallergen.<\/p>\n","protected":false},"featured_media":134983,"template":"","meta":{"_acf_changed":false},"product_brand":[],"product_cat":[1683,1692],"product_tag":[],"class_list":{"0":"post-136007","1":"product","2":"type-product","3":"status-publish","4":"has-post-thumbnail","6":"product_cat-schmuck-fur-sie","7":"product_cat-brustschmuck-ohne-piercing","8":"collection-der-verbotene-garten","9":"product_option-sold-in-pairs-de","11":"first","12":"instock","13":"taxable","14":"shipping-taxable","15":"purchasable","16":"product-type-simple"},"acf":[],"_links":{"self":[{"href":"https:\/\/www.sylvie-monthule.com\/de\/wp-json\/wp\/v2\/product\/136007","targetHints":{"allow":["GET"]}}],"collection":[{"href":"https:\/\/www.sylvie-monthule.com\/de\/wp-json\/wp\/v2\/product"}],"about":[{"href":"https:\/\/www.sylvie-monthule.com\/de\/wp-json\/wp\/v2\/types\/product"}],"wp:featuredmedia":[{"embeddable":true,"href":"https:\/\/www.sylvie-monthule.com\/de\/wp-json\/wp\/v2\/media\/134983"}],"wp:attachment":[{"href":"https:\/\/www.sylvie-monthule.com\/de\/wp-json\/wp\/v2\/media?parent=136007"}],"wp:term":[{"taxonomy":"product_brand","embeddable":true,"href":"https:\/\/www.sylvie-monthule.com\/de\/wp-json\/wp\/v2\/product_brand?post=136007"},{"taxonomy":"product_cat","embeddable":true,"href":"https:\/\/www.sylvie-monthule.com\/de\/wp-json\/wp\/v2\/product_cat?post=136007"},{"taxonomy":"product_tag","embeddable":true,"href":"https:\/\/www.sylvie-monthule.com\/de\/wp-json\/wp\/v2\/product_tag?post=136007"}],"curies":[{"name":"wp","href":"https:\/\/api.w.org\/{rel}","templated":true}]}}