{"id":136004,"date":"2023-11-10T08:34:00","date_gmt":"2023-11-10T07:39:30","guid":{"rendered":"https:\/\/www.sylvie-monthule.com\/?post_type=product&#038;p=136004"},"modified":"2025-01-10T11:41:14","modified_gmt":"2025-01-10T10:41:14","slug":"nippelschmuck-liebesrosen-gold","status":"publish","type":"product","link":"https:\/\/www.sylvie-monthule.com\/de\/juwel\/nippelschmuck-liebesrosen-gold\/","title":{"rendered":"Nippelschmuck &#8222;Liebesrosen&#8220; Gold"},"content":{"rendered":"<p>Zwei zarte Rosen in Gold gekleidet um den Samt Ihrer Br\u00fcste zu sublimieren&#8230; Zwei Rosen unter Ihren aufgerichteten Nippeln lassen ihren glitzernden Glanz erbl\u00fchen um die Liebe und ihre D\u00fcfte zu pfl\u00fccken&#8230;<\/p>\n","protected":false},"excerpt":{"rendered":"<p>Schmuck mit System ohne Piercing,<br \/>\nschmerzlos und gleitend, anpassungsf\u00e4hig<br \/>\nalle Brustwarzengr\u00f6\u00dfen.<\/p>\n<p>1 Mikron 16 Karat und 24 Karat Finish auf Metall.<br \/>\nKristallfarbene Glassteine.<br \/>\nHypoallergen.<\/p>\n","protected":false},"featured_media":134995,"template":"","meta":{"_acf_changed":false},"product_brand":[],"product_cat":[1683,1692],"product_tag":[],"class_list":{"0":"post-136004","1":"product","2":"type-product","3":"status-publish","4":"has-post-thumbnail","6":"product_cat-schmuck-fur-sie","7":"product_cat-brustschmuck-ohne-piercing","8":"collection-der-verbotene-garten","9":"product_option-sold-in-pairs-de","11":"first","12":"instock","13":"taxable","14":"shipping-taxable","15":"purchasable","16":"product-type-simple"},"acf":[],"_links":{"self":[{"href":"https:\/\/www.sylvie-monthule.com\/de\/wp-json\/wp\/v2\/product\/136004","targetHints":{"allow":["GET"]}}],"collection":[{"href":"https:\/\/www.sylvie-monthule.com\/de\/wp-json\/wp\/v2\/product"}],"about":[{"href":"https:\/\/www.sylvie-monthule.com\/de\/wp-json\/wp\/v2\/types\/product"}],"wp:featuredmedia":[{"embeddable":true,"href":"https:\/\/www.sylvie-monthule.com\/de\/wp-json\/wp\/v2\/media\/134995"}],"wp:attachment":[{"href":"https:\/\/www.sylvie-monthule.com\/de\/wp-json\/wp\/v2\/media?parent=136004"}],"wp:term":[{"taxonomy":"product_brand","embeddable":true,"href":"https:\/\/www.sylvie-monthule.com\/de\/wp-json\/wp\/v2\/product_brand?post=136004"},{"taxonomy":"product_cat","embeddable":true,"href":"https:\/\/www.sylvie-monthule.com\/de\/wp-json\/wp\/v2\/product_cat?post=136004"},{"taxonomy":"product_tag","embeddable":true,"href":"https:\/\/www.sylvie-monthule.com\/de\/wp-json\/wp\/v2\/product_tag?post=136004"}],"curies":[{"name":"wp","href":"https:\/\/api.w.org\/{rel}","templated":true}]}}