{"id":135998,"date":"2023-11-10T08:33:59","date_gmt":"2023-11-10T07:33:59","guid":{"rendered":"https:\/\/www.sylvie-monthule.com\/?post_type=product&#038;p=135998"},"modified":"2025-01-10T11:41:15","modified_gmt":"2025-01-10T10:41:15","slug":"nippelschmuck-sinnlicher-aronstab-gold","status":"publish","type":"product","link":"https:\/\/www.sylvie-monthule.com\/de\/juwel\/nippelschmuck-sinnlicher-aronstab-gold\/","title":{"rendered":"Nippelschmuck &#8222;Sinnlicher Aronstab&#8220; Gold"},"content":{"rendered":"<p>Die gold Bl\u00fcten unter deinen Br\u00fcsten beherbergen einen Stempel, der tausend D\u00fcfte zu verstr\u00f6men scheint. Bl\u00fctenlust mit sprie\u00dfenden Perlen die das Verlangen immer und immer wieder inspirieren&#8230; Blumen wie Aronstab, verwirrend und sinnlich.<\/p>\n","protected":false},"excerpt":{"rendered":"<p>Schmuck mit System ohne Piercing,<br \/>\nschmerzlos und gleitend, anpassungsf\u00e4hig<br \/>\nalle Brustwarzengr\u00f6\u00dfen.<\/p>\n<p>1 Mikron 16 Karat und 24 Karat Finish auf Metall.<br \/>\nH\u00e4matittropfen.<br \/>\nHypoallergen.<\/p>\n","protected":false},"featured_media":135027,"template":"","meta":{"_acf_changed":false},"product_brand":[],"product_cat":[1683,1692],"product_tag":[],"class_list":{"0":"post-135998","1":"product","2":"type-product","3":"status-publish","4":"has-post-thumbnail","6":"product_cat-schmuck-fur-sie","7":"product_cat-brustschmuck-ohne-piercing","8":"collection-30-jahre-erotik","9":"collection-der-verbotene-garten","10":"product_option-sold-in-pairs-de","12":"first","13":"instock","14":"taxable","15":"shipping-taxable","16":"purchasable","17":"product-type-simple"},"acf":[],"_links":{"self":[{"href":"https:\/\/www.sylvie-monthule.com\/de\/wp-json\/wp\/v2\/product\/135998","targetHints":{"allow":["GET"]}}],"collection":[{"href":"https:\/\/www.sylvie-monthule.com\/de\/wp-json\/wp\/v2\/product"}],"about":[{"href":"https:\/\/www.sylvie-monthule.com\/de\/wp-json\/wp\/v2\/types\/product"}],"wp:featuredmedia":[{"embeddable":true,"href":"https:\/\/www.sylvie-monthule.com\/de\/wp-json\/wp\/v2\/media\/135027"}],"wp:attachment":[{"href":"https:\/\/www.sylvie-monthule.com\/de\/wp-json\/wp\/v2\/media?parent=135998"}],"wp:term":[{"taxonomy":"product_brand","embeddable":true,"href":"https:\/\/www.sylvie-monthule.com\/de\/wp-json\/wp\/v2\/product_brand?post=135998"},{"taxonomy":"product_cat","embeddable":true,"href":"https:\/\/www.sylvie-monthule.com\/de\/wp-json\/wp\/v2\/product_cat?post=135998"},{"taxonomy":"product_tag","embeddable":true,"href":"https:\/\/www.sylvie-monthule.com\/de\/wp-json\/wp\/v2\/product_tag?post=135998"}],"curies":[{"name":"wp","href":"https:\/\/api.w.org\/{rel}","templated":true}]}}