{"id":135992,"date":"2023-11-10T08:33:58","date_gmt":"2023-11-10T07:39:32","guid":{"rendered":"https:\/\/www.sylvie-monthule.com\/?post_type=product&#038;p=135992"},"modified":"2025-01-10T11:41:16","modified_gmt":"2025-01-10T10:41:16","slug":"brust-collier-beiszapfel-gold","status":"publish","type":"product","link":"https:\/\/www.sylvie-monthule.com\/de\/juwel\/brust-collier-beiszapfel-gold\/","title":{"rendered":"Brust-Collier &#8222;Bei\u00df\u00e4pfel&#8220; Gold"},"content":{"rendered":"<p>Der goldene Apfel in Ihrem Dekollet\u00e9 ist gierige, bereits angebissene Frucht! Man gibt sich den Liebkosungen eines Schmuckst\u00fccks hin, das die Sinne weckt: Man bewundert seine Rundung, seine Weichheit und seinen Glanz. Man tr\u00e4umt davon, die Frucht und die unter dem Stoff verborgenen Goldketten zu pfl\u00fccken&#8230; Man erahnt das Gold, das sich um die die Brustwarzen, die Miniaturbl\u00e4tter &#8230; Ein intimes Schmuckst\u00fcck, um die Sinnlichkeit zu genie\u00dfen. und die Liebe in vollen Z\u00fcgen genie\u00dfen!<\/p>\n","protected":false},"excerpt":{"rendered":"<p>Dank der Halsverstellkette<br \/>\nSie k\u00f6nnen die Position des Anh\u00e4ngers nach Ihren W\u00fcnschen anpassen.<br \/>\nBrusthalsband mit stechfreiem System, schmerzfrei<br \/>\nund verschiebbar, passt sich allen Nippeldurchmessern an.<\/p>\n<p>Apfel und Ornamente:<br \/>\n1 Mikron 16 Karat und 24 Karat Finish auf Metall.<br \/>\nApfelh\u00f6he: ca. 1,5 cm<br \/>\nHypoallergen.<\/p>\n","protected":false},"featured_media":135411,"template":"","meta":{"_acf_changed":false},"product_brand":[],"product_cat":[1683,1692],"product_tag":[],"class_list":{"0":"post-135992","1":"product","2":"type-product","3":"status-publish","4":"has-post-thumbnail","6":"product_cat-schmuck-fur-sie","7":"product_cat-brustschmuck-ohne-piercing","8":"collection-der-verbotene-garten","10":"first","11":"instock","12":"taxable","13":"shipping-taxable","14":"purchasable","15":"product-type-simple"},"acf":[],"_links":{"self":[{"href":"https:\/\/www.sylvie-monthule.com\/de\/wp-json\/wp\/v2\/product\/135992","targetHints":{"allow":["GET"]}}],"collection":[{"href":"https:\/\/www.sylvie-monthule.com\/de\/wp-json\/wp\/v2\/product"}],"about":[{"href":"https:\/\/www.sylvie-monthule.com\/de\/wp-json\/wp\/v2\/types\/product"}],"wp:featuredmedia":[{"embeddable":true,"href":"https:\/\/www.sylvie-monthule.com\/de\/wp-json\/wp\/v2\/media\/135411"}],"wp:attachment":[{"href":"https:\/\/www.sylvie-monthule.com\/de\/wp-json\/wp\/v2\/media?parent=135992"}],"wp:term":[{"taxonomy":"product_brand","embeddable":true,"href":"https:\/\/www.sylvie-monthule.com\/de\/wp-json\/wp\/v2\/product_brand?post=135992"},{"taxonomy":"product_cat","embeddable":true,"href":"https:\/\/www.sylvie-monthule.com\/de\/wp-json\/wp\/v2\/product_cat?post=135992"},{"taxonomy":"product_tag","embeddable":true,"href":"https:\/\/www.sylvie-monthule.com\/de\/wp-json\/wp\/v2\/product_tag?post=135992"}],"curies":[{"name":"wp","href":"https:\/\/api.w.org\/{rel}","templated":true}]}}