{"id":135986,"date":"2023-11-10T08:33:58","date_gmt":"2023-11-10T07:33:58","guid":{"rendered":"https:\/\/www.sylvie-monthule.com\/?post_type=product&#038;p=135986"},"modified":"2025-12-15T07:08:35","modified_gmt":"2025-12-15T06:08:35","slug":"brust-collier-eine-lieberose-gold","status":"publish","type":"product","link":"https:\/\/www.sylvie-monthule.com\/de\/juwel\/brust-collier-eine-lieberose-gold\/","title":{"rendered":"Brust-Collier &#8222;eine Lieberose&#8220; Gold"},"content":{"rendered":"<p>Eine Rose mit goldenen Bl\u00fctenbl\u00e4ttern funkelt. Die Rose l\u00e4sst einen Tautropfen gleiten, wie eine Tr\u00e4ne des Duftes auf die kribbelnde Haut. Die Liebe verwandelt sich in Leidenschaft, in unendliche Lust &#8230; wenn das Schmuckst\u00fcck sich enth\u00fcllt und das Gold zeigt, das Ihre Br\u00fcste umschmeichelt.<\/p>\n","protected":false},"excerpt":{"rendered":"<p>Dank der Halsverstellkette<br \/>\nSie k\u00f6nnen die Position des Anh\u00e4ngers nach Ihren W\u00fcnschen anpassen.<br \/>\nBrusthalsband mit stechfreiem System, schmerzfrei<br \/>\nund verschiebbar, passt sich allen Nippeldurchmessern an.<\/p>\n<p>Rose und Ornamente:<br \/>\n1 Mikron 16 Karat und 24 Karat Finish auf Metall.<br \/>\nKristallfarbene Glassteine.<br \/>\nRosenh\u00f6he: ca. 2,5 cm<br \/>\nHypoallergen.<\/p>\n","protected":false},"featured_media":135459,"template":"","meta":{"_acf_changed":false},"product_brand":[],"product_cat":[1683,1692],"product_tag":[],"class_list":{"0":"post-135986","1":"product","2":"type-product","3":"status-publish","4":"has-post-thumbnail","6":"product_cat-schmuck-fur-sie","7":"product_cat-brustschmuck-ohne-piercing","8":"collection-der-verbotene-garten","10":"first","11":"instock","12":"taxable","13":"shipping-taxable","14":"purchasable","15":"product-type-simple"},"acf":[],"_links":{"self":[{"href":"https:\/\/www.sylvie-monthule.com\/de\/wp-json\/wp\/v2\/product\/135986","targetHints":{"allow":["GET"]}}],"collection":[{"href":"https:\/\/www.sylvie-monthule.com\/de\/wp-json\/wp\/v2\/product"}],"about":[{"href":"https:\/\/www.sylvie-monthule.com\/de\/wp-json\/wp\/v2\/types\/product"}],"wp:featuredmedia":[{"embeddable":true,"href":"https:\/\/www.sylvie-monthule.com\/de\/wp-json\/wp\/v2\/media\/135459"}],"wp:attachment":[{"href":"https:\/\/www.sylvie-monthule.com\/de\/wp-json\/wp\/v2\/media?parent=135986"}],"wp:term":[{"taxonomy":"product_brand","embeddable":true,"href":"https:\/\/www.sylvie-monthule.com\/de\/wp-json\/wp\/v2\/product_brand?post=135986"},{"taxonomy":"product_cat","embeddable":true,"href":"https:\/\/www.sylvie-monthule.com\/de\/wp-json\/wp\/v2\/product_cat?post=135986"},{"taxonomy":"product_tag","embeddable":true,"href":"https:\/\/www.sylvie-monthule.com\/de\/wp-json\/wp\/v2\/product_tag?post=135986"}],"curies":[{"name":"wp","href":"https:\/\/api.w.org\/{rel}","templated":true}]}}