{"id":135971,"date":"2023-11-10T08:33:56","date_gmt":"2023-11-10T07:39:35","guid":{"rendered":"https:\/\/www.sylvie-monthule.com\/?post_type=product&#038;p=135971"},"modified":"2024-06-03T06:52:44","modified_gmt":"2024-06-03T05:52:44","slug":"aronstabanhanger-silber","status":"publish","type":"product","link":"https:\/\/www.sylvie-monthule.com\/de\/juwel\/aronstabanhanger-silber\/","title":{"rendered":"Aronstabanh\u00e4nger Silber"},"content":{"rendered":"<p>Ein wundersch\u00f6ner Aronstab erscheint auf Ihrer B\u00fcste. Die sexy Blume bietet den Blicken ihren sprie\u00dfenden Stempel&#8230; Erhabene Verbindung von Silber und H\u00e4matit.<\/p>\n","protected":false},"excerpt":{"rendered":"<p>Arum-Anh\u00e4nger an einer 50 cm langen Kette (ca.).<br \/>\n10 Mikron versilbert auf Metall.<br \/>\nH\u00e4matit-Tropfen.<br \/>\nHypoallergen.<\/p>\n","protected":false},"featured_media":135567,"template":"","meta":{"_acf_changed":false},"product_brand":[],"product_cat":[1683,1696],"product_tag":[],"class_list":{"0":"post-135971","1":"product","2":"type-product","3":"status-publish","4":"has-post-thumbnail","6":"product_cat-schmuck-fur-sie","7":"product_cat-halsketten-und-ohrringe","8":"collection-der-verbotene-garten","10":"first","11":"instock","12":"taxable","13":"shipping-taxable","14":"purchasable","15":"product-type-simple"},"acf":[],"_links":{"self":[{"href":"https:\/\/www.sylvie-monthule.com\/de\/wp-json\/wp\/v2\/product\/135971","targetHints":{"allow":["GET"]}}],"collection":[{"href":"https:\/\/www.sylvie-monthule.com\/de\/wp-json\/wp\/v2\/product"}],"about":[{"href":"https:\/\/www.sylvie-monthule.com\/de\/wp-json\/wp\/v2\/types\/product"}],"wp:featuredmedia":[{"embeddable":true,"href":"https:\/\/www.sylvie-monthule.com\/de\/wp-json\/wp\/v2\/media\/135567"}],"wp:attachment":[{"href":"https:\/\/www.sylvie-monthule.com\/de\/wp-json\/wp\/v2\/media?parent=135971"}],"wp:term":[{"taxonomy":"product_brand","embeddable":true,"href":"https:\/\/www.sylvie-monthule.com\/de\/wp-json\/wp\/v2\/product_brand?post=135971"},{"taxonomy":"product_cat","embeddable":true,"href":"https:\/\/www.sylvie-monthule.com\/de\/wp-json\/wp\/v2\/product_cat?post=135971"},{"taxonomy":"product_tag","embeddable":true,"href":"https:\/\/www.sylvie-monthule.com\/de\/wp-json\/wp\/v2\/product_tag?post=135971"}],"curies":[{"name":"wp","href":"https:\/\/api.w.org\/{rel}","templated":true}]}}