{"id":135959,"date":"2023-11-10T08:33:55","date_gmt":"2023-11-10T07:39:35","guid":{"rendered":"https:\/\/www.sylvie-monthule.com\/?post_type=product&#038;p=135959"},"modified":"2024-06-03T06:52:44","modified_gmt":"2024-06-03T05:52:44","slug":"aronstabe-ohrringe-silver","status":"publish","type":"product","link":"https:\/\/www.sylvie-monthule.com\/de\/juwel\/aronstabe-ohrringe-silver\/","title":{"rendered":"Aronst\u00e4be ohrringe Silver"},"content":{"rendered":"<p>Zwei silber Blumen mit \u00fcppigen Stempeln glitzern in Ihren Ohren. Magie der Perlen in den H\u00f6hlen der Aronstabgew\u00e4chse, Magie des Augenblicks&#8230;<\/p>\n","protected":false},"excerpt":{"rendered":"<p>Durchbohrter Ohrschmuck.<br \/>\n10 Mikron versilbert auf Metall.<br \/>\nH\u00e4matittropfen.<br \/>\nHypoallergen.<\/p>\n","protected":false},"featured_media":135223,"template":"","meta":{"_acf_changed":false},"product_brand":[],"product_cat":[1683,1696],"product_tag":[],"class_list":{"0":"post-135959","1":"product","2":"type-product","3":"status-publish","4":"has-post-thumbnail","6":"product_cat-schmuck-fur-sie","7":"product_cat-halsketten-und-ohrringe","8":"collection-der-verbotene-garten","9":"product_option-sold-in-pairs-de","11":"first","12":"instock","13":"taxable","14":"shipping-taxable","15":"purchasable","16":"product-type-simple"},"acf":[],"_links":{"self":[{"href":"https:\/\/www.sylvie-monthule.com\/de\/wp-json\/wp\/v2\/product\/135959","targetHints":{"allow":["GET"]}}],"collection":[{"href":"https:\/\/www.sylvie-monthule.com\/de\/wp-json\/wp\/v2\/product"}],"about":[{"href":"https:\/\/www.sylvie-monthule.com\/de\/wp-json\/wp\/v2\/types\/product"}],"wp:featuredmedia":[{"embeddable":true,"href":"https:\/\/www.sylvie-monthule.com\/de\/wp-json\/wp\/v2\/media\/135223"}],"wp:attachment":[{"href":"https:\/\/www.sylvie-monthule.com\/de\/wp-json\/wp\/v2\/media?parent=135959"}],"wp:term":[{"taxonomy":"product_brand","embeddable":true,"href":"https:\/\/www.sylvie-monthule.com\/de\/wp-json\/wp\/v2\/product_brand?post=135959"},{"taxonomy":"product_cat","embeddable":true,"href":"https:\/\/www.sylvie-monthule.com\/de\/wp-json\/wp\/v2\/product_cat?post=135959"},{"taxonomy":"product_tag","embeddable":true,"href":"https:\/\/www.sylvie-monthule.com\/de\/wp-json\/wp\/v2\/product_tag?post=135959"}],"curies":[{"name":"wp","href":"https:\/\/api.w.org\/{rel}","templated":true}]}}