{"id":135950,"date":"2023-11-10T08:33:54","date_gmt":"2023-11-10T07:39:36","guid":{"rendered":"https:\/\/www.sylvie-monthule.com\/?post_type=product&#038;p=135950"},"modified":"2025-01-10T11:40:11","modified_gmt":"2025-01-10T10:40:11","slug":"fuszkettchen-transparenter-glanz","status":"publish","type":"product","link":"https:\/\/www.sylvie-monthule.com\/de\/juwel\/fuszkettchen-transparenter-glanz\/","title":{"rendered":"Fu\u00dfkettchen transparenter Glanz"},"content":{"rendered":"<p>Eine goldene Kette umschlie\u00dft Ihren Kn\u00f6chel und der durchsichtige Kristall tanzt&#8230;<\/p>\n","protected":false},"excerpt":{"rendered":"<p>Vergoldete Kn\u00f6chelkette<br \/>\nmit Anpassungen bei 22 und 25 cm.<br \/>\nAnh\u00e4nger aus kristallfarbenem Glasstein.<\/p>\n","protected":false},"featured_media":135243,"template":"","meta":{"_acf_changed":false},"product_brand":[],"product_cat":[1683,1694],"product_tag":[],"class_list":{"0":"post-135950","1":"product","2":"type-product","3":"status-publish","4":"has-post-thumbnail","6":"product_cat-schmuck-fur-sie","7":"product_cat-taillenketten-fusketten","8":"collection-der-verbotene-garten","10":"first","11":"instock","12":"taxable","13":"shipping-taxable","14":"purchasable","15":"product-type-simple"},"acf":[],"_links":{"self":[{"href":"https:\/\/www.sylvie-monthule.com\/de\/wp-json\/wp\/v2\/product\/135950","targetHints":{"allow":["GET"]}}],"collection":[{"href":"https:\/\/www.sylvie-monthule.com\/de\/wp-json\/wp\/v2\/product"}],"about":[{"href":"https:\/\/www.sylvie-monthule.com\/de\/wp-json\/wp\/v2\/types\/product"}],"wp:featuredmedia":[{"embeddable":true,"href":"https:\/\/www.sylvie-monthule.com\/de\/wp-json\/wp\/v2\/media\/135243"}],"wp:attachment":[{"href":"https:\/\/www.sylvie-monthule.com\/de\/wp-json\/wp\/v2\/media?parent=135950"}],"wp:term":[{"taxonomy":"product_brand","embeddable":true,"href":"https:\/\/www.sylvie-monthule.com\/de\/wp-json\/wp\/v2\/product_brand?post=135950"},{"taxonomy":"product_cat","embeddable":true,"href":"https:\/\/www.sylvie-monthule.com\/de\/wp-json\/wp\/v2\/product_cat?post=135950"},{"taxonomy":"product_tag","embeddable":true,"href":"https:\/\/www.sylvie-monthule.com\/de\/wp-json\/wp\/v2\/product_tag?post=135950"}],"curies":[{"name":"wp","href":"https:\/\/api.w.org\/{rel}","templated":true}]}}