{"id":135944,"date":"2023-11-10T08:33:53","date_gmt":"2023-11-10T07:39:37","guid":{"rendered":"https:\/\/www.sylvie-monthule.com\/?post_type=product&#038;p=135944"},"modified":"2025-01-10T11:41:24","modified_gmt":"2025-01-10T10:41:24","slug":"taillenkette-beiszapfel-gold","status":"publish","type":"product","link":"https:\/\/www.sylvie-monthule.com\/de\/juwel\/taillenkette-beiszapfel-gold\/","title":{"rendered":"Taillenkette &#8222;&#8220;Bei\u00df\u00e4pfel&#8220; Gold"},"content":{"rendered":"<p>Eine in Gold gekleidete Frucht streichelt die D\u00fcne deines Bauches&#8230; Der Apfel, in den du schon gebissen hast, h\u00e4ngt an der Kette die Ihre H\u00fcften umschlingt, zieht die Begierde an&#8230; Ein sinnliches und freches Taillenschmuckst\u00fcck, eine Einladung zur Begierde.<\/p>\n","protected":false},"excerpt":{"rendered":"<p>Geben Sie Ihre Wahl im Gr\u00f6\u00dfenblock an:<br \/>\nS, M, L, XL&#8230; Egal welche Gr\u00f6\u00dfe Sie w\u00e4hlen<br \/>\nUnser Taillenschmuck verf\u00fcgt \u00fcber eine Verstellm\u00f6glichkeit.<\/p>\n<p>Apfel und Ornamente:<br \/>\n1 Mikron 16 Karat und 24 Karat Finish auf Metall.<br \/>\nApfelh\u00f6he: ca. 1,5 cm<br \/>\nHypoallergen.<\/p>\n","protected":false},"featured_media":135259,"template":"","meta":{"_acf_changed":false},"product_brand":[],"product_cat":[1683,1694],"product_tag":[],"class_list":{"0":"post-135944","1":"product","2":"type-product","3":"status-publish","4":"has-post-thumbnail","6":"product_cat-schmuck-fur-sie","7":"product_cat-taillenketten-fusketten","8":"collection-der-verbotene-garten","10":"first","11":"instock","12":"taxable","13":"shipping-taxable","14":"purchasable","15":"product-type-variable","16":"has-default-attributes"},"acf":[],"_links":{"self":[{"href":"https:\/\/www.sylvie-monthule.com\/de\/wp-json\/wp\/v2\/product\/135944","targetHints":{"allow":["GET"]}}],"collection":[{"href":"https:\/\/www.sylvie-monthule.com\/de\/wp-json\/wp\/v2\/product"}],"about":[{"href":"https:\/\/www.sylvie-monthule.com\/de\/wp-json\/wp\/v2\/types\/product"}],"wp:featuredmedia":[{"embeddable":true,"href":"https:\/\/www.sylvie-monthule.com\/de\/wp-json\/wp\/v2\/media\/135259"}],"wp:attachment":[{"href":"https:\/\/www.sylvie-monthule.com\/de\/wp-json\/wp\/v2\/media?parent=135944"}],"wp:term":[{"taxonomy":"product_brand","embeddable":true,"href":"https:\/\/www.sylvie-monthule.com\/de\/wp-json\/wp\/v2\/product_brand?post=135944"},{"taxonomy":"product_cat","embeddable":true,"href":"https:\/\/www.sylvie-monthule.com\/de\/wp-json\/wp\/v2\/product_cat?post=135944"},{"taxonomy":"product_tag","embeddable":true,"href":"https:\/\/www.sylvie-monthule.com\/de\/wp-json\/wp\/v2\/product_tag?post=135944"}],"curies":[{"name":"wp","href":"https:\/\/api.w.org\/{rel}","templated":true}]}}