{"id":135938,"date":"2023-11-10T08:33:51","date_gmt":"2023-11-10T07:39:39","guid":{"rendered":"https:\/\/www.sylvie-monthule.com\/?post_type=product&#038;p=135938"},"modified":"2025-01-10T11:41:26","modified_gmt":"2025-01-10T10:41:26","slug":"taillenkette-aronstabblume-gold","status":"publish","type":"product","link":"https:\/\/www.sylvie-monthule.com\/de\/juwel\/taillenkette-aronstabblume-gold\/","title":{"rendered":"Taillenkette &#8222;Aronstabblume&#8220; Gold"},"content":{"rendered":"<p>Eine erhabene Blume enth\u00fcllt einen Stempel in ihrer Krone&#8230; Der Aronstab schwingt, an der goldenen Kette h\u00e4ngend, die Ihre H\u00fcften umschlingt, und der H\u00e4matit-Tropfen &#8230;weckt immer wieder Begehren&#8230;.<\/p>\n","protected":false},"excerpt":{"rendered":"<p>Geben Sie Ihre Wahl im Gr\u00f6\u00dfenblock an:<br \/>\nS, M, L, XL&#8230; Egal welche Gr\u00f6\u00dfe Sie w\u00e4hlen<br \/>\nUnser Taillenschmuck verf\u00fcgt \u00fcber eine Verstellm\u00f6glichkeit.<\/p>\n<p>Aronstab und Ornamente:<br \/>\n1 Mikron 16 Karat und 24 Karat Finish auf Metall.<br \/>\nH\u00e4matit-Tropfen.<br \/>\nHypoallergen.<\/p>\n","protected":false},"featured_media":135299,"template":"","meta":{"_acf_changed":false},"product_brand":[],"product_cat":[1683,1694],"product_tag":[],"class_list":{"0":"post-135938","1":"product","2":"type-product","3":"status-publish","4":"has-post-thumbnail","6":"product_cat-schmuck-fur-sie","7":"product_cat-taillenketten-fusketten","8":"collection-der-verbotene-garten","10":"first","11":"instock","12":"taxable","13":"shipping-taxable","14":"purchasable","15":"product-type-variable","16":"has-default-attributes"},"acf":[],"_links":{"self":[{"href":"https:\/\/www.sylvie-monthule.com\/de\/wp-json\/wp\/v2\/product\/135938","targetHints":{"allow":["GET"]}}],"collection":[{"href":"https:\/\/www.sylvie-monthule.com\/de\/wp-json\/wp\/v2\/product"}],"about":[{"href":"https:\/\/www.sylvie-monthule.com\/de\/wp-json\/wp\/v2\/types\/product"}],"wp:featuredmedia":[{"embeddable":true,"href":"https:\/\/www.sylvie-monthule.com\/de\/wp-json\/wp\/v2\/media\/135299"}],"wp:attachment":[{"href":"https:\/\/www.sylvie-monthule.com\/de\/wp-json\/wp\/v2\/media?parent=135938"}],"wp:term":[{"taxonomy":"product_brand","embeddable":true,"href":"https:\/\/www.sylvie-monthule.com\/de\/wp-json\/wp\/v2\/product_brand?post=135938"},{"taxonomy":"product_cat","embeddable":true,"href":"https:\/\/www.sylvie-monthule.com\/de\/wp-json\/wp\/v2\/product_cat?post=135938"},{"taxonomy":"product_tag","embeddable":true,"href":"https:\/\/www.sylvie-monthule.com\/de\/wp-json\/wp\/v2\/product_tag?post=135938"}],"curies":[{"name":"wp","href":"https:\/\/api.w.org\/{rel}","templated":true}]}}