{"id":135923,"date":"2023-11-10T08:33:47","date_gmt":"2023-11-10T07:39:41","guid":{"rendered":"https:\/\/www.sylvie-monthule.com\/?post_type=product&#038;p=135923"},"modified":"2025-01-10T11:41:31","modified_gmt":"2025-01-10T10:41:31","slug":"bauchkette-liebesrose-silber","status":"publish","type":"product","link":"https:\/\/www.sylvie-monthule.com\/de\/juwel\/bauchkette-liebesrose-silber\/","title":{"rendered":"Bauchkette &#8222;Liebesrose&#8220; Silber"},"content":{"rendered":"<p>Schenken Sie ihr eine Silber Rose, um &#8222;Ich liebe dich&#8220; zu sagen&#8230; Schenken Sie ihr eine einzigartige Rose. Die Blume mit den samtenen Bl\u00fctenbl\u00e4ttern liegt in Ihrer Lendengegend, enth\u00fcllt Ihre Sch\u00f6nheit &#8230; Die Rose l\u00e4sst einen Tropfen Parf\u00fcm zwischen Ihre Pobacken gleiten, Eine glitzernde, einzigartige Dufttr\u00e4ne.<\/p>\n","protected":false},"excerpt":{"rendered":"<p>Geben Sie Ihre Wahl im Gr\u00f6\u00dfenblock an:<br \/>\nS, M, L, XL&#8230; Egal welche Gr\u00f6\u00dfe Sie w\u00e4hlen<br \/>\nUnser Taillenschmuck verf\u00fcgt \u00fcber eine Verstellm\u00f6glichkeit.<\/p>\n<p>Rose und Ornamente:<br \/>\n10 Mikron versilbert auf Metall.<br \/>\nAquamarinblau gef\u00e4rbter Glasstein.<br \/>\nRosenh\u00f6he: 2,5 cm (ungef\u00e4hr)<br \/>\nHypoallergen.<\/p>\n","protected":false},"featured_media":135391,"template":"","meta":{"_acf_changed":false},"product_brand":[],"product_cat":[1683,1694],"product_tag":[],"class_list":{"0":"post-135923","1":"product","2":"type-product","3":"status-publish","4":"has-post-thumbnail","6":"product_cat-schmuck-fur-sie","7":"product_cat-taillenketten-fusketten","8":"collection-der-verbotene-garten","10":"first","11":"instock","12":"taxable","13":"shipping-taxable","14":"purchasable","15":"product-type-variable","16":"has-default-attributes"},"acf":[],"_links":{"self":[{"href":"https:\/\/www.sylvie-monthule.com\/de\/wp-json\/wp\/v2\/product\/135923","targetHints":{"allow":["GET"]}}],"collection":[{"href":"https:\/\/www.sylvie-monthule.com\/de\/wp-json\/wp\/v2\/product"}],"about":[{"href":"https:\/\/www.sylvie-monthule.com\/de\/wp-json\/wp\/v2\/types\/product"}],"wp:featuredmedia":[{"embeddable":true,"href":"https:\/\/www.sylvie-monthule.com\/de\/wp-json\/wp\/v2\/media\/135391"}],"wp:attachment":[{"href":"https:\/\/www.sylvie-monthule.com\/de\/wp-json\/wp\/v2\/media?parent=135923"}],"wp:term":[{"taxonomy":"product_brand","embeddable":true,"href":"https:\/\/www.sylvie-monthule.com\/de\/wp-json\/wp\/v2\/product_brand?post=135923"},{"taxonomy":"product_cat","embeddable":true,"href":"https:\/\/www.sylvie-monthule.com\/de\/wp-json\/wp\/v2\/product_cat?post=135923"},{"taxonomy":"product_tag","embeddable":true,"href":"https:\/\/www.sylvie-monthule.com\/de\/wp-json\/wp\/v2\/product_tag?post=135923"}],"curies":[{"name":"wp","href":"https:\/\/api.w.org\/{rel}","templated":true}]}}