{"id":135920,"date":"2023-11-10T08:33:46","date_gmt":"2023-11-10T07:33:46","guid":{"rendered":"https:\/\/www.sylvie-monthule.com\/?post_type=product&#038;p=135920"},"modified":"2025-01-10T11:40:09","modified_gmt":"2025-01-10T10:40:09","slug":"sex-clips-blatt-gold","status":"publish","type":"product","link":"https:\/\/www.sylvie-monthule.com\/de\/juwel\/sex-clips-blatt-gold\/","title":{"rendered":"Sex-Clips Blatt Gold"},"content":{"rendered":"<p>Schm\u00fccken Sie Ihr Geschlecht mit Goldclips mit reinen und funkelnden Kristallen! Genie\u00dfen Sie die Liebkosung der Anh\u00e4nger die auf Ihren Lippen t\u00e4nzeln&#8230;<\/p>\n","protected":false},"excerpt":{"rendered":"<p>Intimclips ohne Piercing.<br \/>\nZur Positionierung auf den kleinen oder gro\u00dfen Schamlippen.<\/p>\n<p>Clips und Ornamente:<br \/>\n1 Mikron 16 Karat und 24 Karat Finish auf Metall.<br \/>\nFacettierte Kristalle.<br \/>\nAnh\u00e4ngerbl\u00e4tter.<br \/>\nHypoallergen.<\/p>\n","protected":false},"featured_media":135579,"template":"","meta":{"_acf_changed":false},"product_brand":[],"product_cat":[1683,1693],"product_tag":[],"class_list":{"0":"post-135920","1":"product","2":"type-product","3":"status-publish","4":"has-post-thumbnail","6":"product_cat-schmuck-fur-sie","7":"product_cat-labienschmuck-ohne-piercing","8":"collection-30-jahre-erotik","9":"collection-der-verbotene-garten","10":"product_option-sold-in-pairs-de","12":"first","13":"instock","14":"taxable","15":"shipping-taxable","16":"purchasable","17":"product-type-simple"},"acf":[],"_links":{"self":[{"href":"https:\/\/www.sylvie-monthule.com\/de\/wp-json\/wp\/v2\/product\/135920","targetHints":{"allow":["GET"]}}],"collection":[{"href":"https:\/\/www.sylvie-monthule.com\/de\/wp-json\/wp\/v2\/product"}],"about":[{"href":"https:\/\/www.sylvie-monthule.com\/de\/wp-json\/wp\/v2\/types\/product"}],"wp:featuredmedia":[{"embeddable":true,"href":"https:\/\/www.sylvie-monthule.com\/de\/wp-json\/wp\/v2\/media\/135579"}],"wp:attachment":[{"href":"https:\/\/www.sylvie-monthule.com\/de\/wp-json\/wp\/v2\/media?parent=135920"}],"wp:term":[{"taxonomy":"product_brand","embeddable":true,"href":"https:\/\/www.sylvie-monthule.com\/de\/wp-json\/wp\/v2\/product_brand?post=135920"},{"taxonomy":"product_cat","embeddable":true,"href":"https:\/\/www.sylvie-monthule.com\/de\/wp-json\/wp\/v2\/product_cat?post=135920"},{"taxonomy":"product_tag","embeddable":true,"href":"https:\/\/www.sylvie-monthule.com\/de\/wp-json\/wp\/v2\/product_tag?post=135920"}],"curies":[{"name":"wp","href":"https:\/\/api.w.org\/{rel}","templated":true}]}}