{"id":135914,"date":"2023-11-10T08:33:46","date_gmt":"2023-11-10T07:39:42","guid":{"rendered":"https:\/\/www.sylvie-monthule.com\/?post_type=product&#038;p=135914"},"modified":"2025-01-10T11:40:56","modified_gmt":"2025-01-10T10:40:56","slug":"penisschmuck-blatt-silver","status":"publish","type":"product","link":"https:\/\/www.sylvie-monthule.com\/de\/juwel\/penisschmuck-blatt-silver\/","title":{"rendered":"Penisschmuck Blatt Silver"},"content":{"rendered":"<p>Ein Blatt aus Silber schm\u00fcckt die Basis Ihres Penis, nur mit einem runden Stein mit transparentem Glanz besetzt. Ein Schmuckst\u00fcck mit einem klaren, schlichten Design, das von der Natur inspiriert wurde, und ihren Formen, die die Sch\u00f6nheit so gut zur Geltung bringen. die Nacktheit zum Ausdruck bringen. Der volle Tropfen, der unter Ihrem Geschlechtsteil schwingt. und die Haut streichelt, ist eine Erinnerung an das Verlangen. Ein Schmuckst\u00fcck f\u00fcr Ihn in Harmonie mit mit der Linie Feuillage f\u00fcr Sie&#8230;<\/p>\n","protected":false},"excerpt":{"rendered":"<p>Penisschmuck mit elastischer Basis<br \/>\nf\u00fcr perfekten Halt.<\/p>\n<p>Blatt und Ornamente:<br \/>\n10 Mikron versilbert auf Metall.<br \/>\nAquamarinfarbener Glasstein.<br \/>\nVoller Tropfenanh\u00e4nger.<br \/>\nHypoallergen.<\/p>\n","protected":false},"featured_media":135079,"template":"","meta":{"_acf_changed":false},"product_brand":[],"product_cat":[1687,1699],"product_tag":[],"class_list":{"0":"post-135914","1":"product","2":"type-product","3":"status-publish","4":"has-post-thumbnail","6":"product_cat-schmuck-fur-ihn","7":"product_cat-penis-schmuck","8":"collection-der-verbotene-garten","10":"first","11":"instock","12":"taxable","13":"shipping-taxable","14":"purchasable","15":"product-type-simple"},"acf":[],"_links":{"self":[{"href":"https:\/\/www.sylvie-monthule.com\/de\/wp-json\/wp\/v2\/product\/135914","targetHints":{"allow":["GET"]}}],"collection":[{"href":"https:\/\/www.sylvie-monthule.com\/de\/wp-json\/wp\/v2\/product"}],"about":[{"href":"https:\/\/www.sylvie-monthule.com\/de\/wp-json\/wp\/v2\/types\/product"}],"wp:featuredmedia":[{"embeddable":true,"href":"https:\/\/www.sylvie-monthule.com\/de\/wp-json\/wp\/v2\/media\/135079"}],"wp:attachment":[{"href":"https:\/\/www.sylvie-monthule.com\/de\/wp-json\/wp\/v2\/media?parent=135914"}],"wp:term":[{"taxonomy":"product_brand","embeddable":true,"href":"https:\/\/www.sylvie-monthule.com\/de\/wp-json\/wp\/v2\/product_brand?post=135914"},{"taxonomy":"product_cat","embeddable":true,"href":"https:\/\/www.sylvie-monthule.com\/de\/wp-json\/wp\/v2\/product_cat?post=135914"},{"taxonomy":"product_tag","embeddable":true,"href":"https:\/\/www.sylvie-monthule.com\/de\/wp-json\/wp\/v2\/product_tag?post=135914"}],"curies":[{"name":"wp","href":"https:\/\/api.w.org\/{rel}","templated":true}]}}