{"id":135911,"date":"2023-11-10T08:33:46","date_gmt":"2023-11-10T07:39:42","guid":{"rendered":"https:\/\/www.sylvie-monthule.com\/?post_type=product&#038;p=135911"},"modified":"2025-01-10T11:40:56","modified_gmt":"2025-01-10T10:40:56","slug":"hodenschmuck-blatt-gold","status":"publish","type":"product","link":"https:\/\/www.sylvie-monthule.com\/de\/juwel\/hodenschmuck-blatt-gold\/","title":{"rendered":"Hodenschmuck Blatt Gold"},"content":{"rendered":"<p>Auf deinen Hoden ein goldenes Blatt. Macht der Natur und Sch\u00f6nheit der Nacktheit. Das fein geschnitzte Blatt und mit einem durchsichtigen Stein besetzt erinnert an die Tropfen der Lust &#8230; Ein Penisschmuck, der zum Entbl\u00e4ttern einl\u00e4dt. l\u00e4dt zu intimen und liebevollen Ber\u00fchrungen ein &#8230;<\/p>\n","protected":false},"excerpt":{"rendered":"<p>Hodenschmuck mit elastischer Basis<br \/>\nf\u00fcr perfekten Halt.<\/p>\n<p>Blatt und Ornament:<br \/>\nHochvergoldung 1 Mikron 16 Karat<br \/>\nund 24-Karat-Finish auf Metall.<br \/>\nTransparenter Glasstein.<br \/>\nBlatth\u00f6he: ca. 3 cm<br \/>\nHypoallergen.<\/p>\n","protected":false},"featured_media":135095,"template":"","meta":{"_acf_changed":false},"product_brand":[],"product_cat":[1687,1699],"product_tag":[],"class_list":{"0":"post-135911","1":"product","2":"type-product","3":"status-publish","4":"has-post-thumbnail","6":"product_cat-schmuck-fur-ihn","7":"product_cat-penis-schmuck","8":"collection-der-verbotene-garten","10":"first","11":"instock","12":"taxable","13":"shipping-taxable","14":"purchasable","15":"product-type-simple"},"acf":[],"_links":{"self":[{"href":"https:\/\/www.sylvie-monthule.com\/de\/wp-json\/wp\/v2\/product\/135911","targetHints":{"allow":["GET"]}}],"collection":[{"href":"https:\/\/www.sylvie-monthule.com\/de\/wp-json\/wp\/v2\/product"}],"about":[{"href":"https:\/\/www.sylvie-monthule.com\/de\/wp-json\/wp\/v2\/types\/product"}],"wp:featuredmedia":[{"embeddable":true,"href":"https:\/\/www.sylvie-monthule.com\/de\/wp-json\/wp\/v2\/media\/135095"}],"wp:attachment":[{"href":"https:\/\/www.sylvie-monthule.com\/de\/wp-json\/wp\/v2\/media?parent=135911"}],"wp:term":[{"taxonomy":"product_brand","embeddable":true,"href":"https:\/\/www.sylvie-monthule.com\/de\/wp-json\/wp\/v2\/product_brand?post=135911"},{"taxonomy":"product_cat","embeddable":true,"href":"https:\/\/www.sylvie-monthule.com\/de\/wp-json\/wp\/v2\/product_cat?post=135911"},{"taxonomy":"product_tag","embeddable":true,"href":"https:\/\/www.sylvie-monthule.com\/de\/wp-json\/wp\/v2\/product_tag?post=135911"}],"curies":[{"name":"wp","href":"https:\/\/api.w.org\/{rel}","templated":true}]}}