{"id":135908,"date":"2023-11-10T08:33:45","date_gmt":"2023-11-10T07:39:43","guid":{"rendered":"https:\/\/www.sylvie-monthule.com\/?post_type=product&#038;p=135908"},"modified":"2025-01-10T11:40:56","modified_gmt":"2025-01-10T10:40:56","slug":"hodenschmuck-blatt-silver","status":"publish","type":"product","link":"https:\/\/www.sylvie-monthule.com\/de\/juwel\/hodenschmuck-blatt-silver\/","title":{"rendered":"Hodenschmuck Blatt Silver"},"content":{"rendered":"<p>Auf deinen Hoden ein silbernes Laubwerk&#8230; Macht der Natur und Sch\u00f6nheit der Nacktheit. Das fein geschnitzte Blatt und mit einem blauen, gew\u00f6lbten Stein besetzt. erinnert an Lusttropfen &#8230; Ein Penisschmuck, der zu einer Entbl\u00e4tterung einl\u00e4dt. zu intimen, liebevollen Liebkosungen einl\u00e4dt&#8230;<\/p>\n","protected":false},"excerpt":{"rendered":"<p>Hodenschmuck mit elastischer Basis<br \/>\nf\u00fcr perfekten Halt.<\/p>\n<p>Blatt und Ornament:<br \/>\n10 Mikron versilbert auf Metall.<br \/>\nAquamarinblauer Glasstein.<br \/>\nBlatth\u00f6he: ca. 3 cm<br \/>\nHypoallergen.<\/p>\n","protected":false},"featured_media":135111,"template":"","meta":{"_acf_changed":false},"product_brand":[],"product_cat":[1687,1699],"product_tag":[],"class_list":{"0":"post-135908","1":"product","2":"type-product","3":"status-publish","4":"has-post-thumbnail","6":"product_cat-schmuck-fur-ihn","7":"product_cat-penis-schmuck","8":"collection-der-verbotene-garten","10":"first","11":"instock","12":"taxable","13":"shipping-taxable","14":"purchasable","15":"product-type-simple"},"acf":[],"_links":{"self":[{"href":"https:\/\/www.sylvie-monthule.com\/de\/wp-json\/wp\/v2\/product\/135908","targetHints":{"allow":["GET"]}}],"collection":[{"href":"https:\/\/www.sylvie-monthule.com\/de\/wp-json\/wp\/v2\/product"}],"about":[{"href":"https:\/\/www.sylvie-monthule.com\/de\/wp-json\/wp\/v2\/types\/product"}],"wp:featuredmedia":[{"embeddable":true,"href":"https:\/\/www.sylvie-monthule.com\/de\/wp-json\/wp\/v2\/media\/135111"}],"wp:attachment":[{"href":"https:\/\/www.sylvie-monthule.com\/de\/wp-json\/wp\/v2\/media?parent=135908"}],"wp:term":[{"taxonomy":"product_brand","embeddable":true,"href":"https:\/\/www.sylvie-monthule.com\/de\/wp-json\/wp\/v2\/product_brand?post=135908"},{"taxonomy":"product_cat","embeddable":true,"href":"https:\/\/www.sylvie-monthule.com\/de\/wp-json\/wp\/v2\/product_cat?post=135908"},{"taxonomy":"product_tag","embeddable":true,"href":"https:\/\/www.sylvie-monthule.com\/de\/wp-json\/wp\/v2\/product_tag?post=135908"}],"curies":[{"name":"wp","href":"https:\/\/api.w.org\/{rel}","templated":true}]}}