{"id":135902,"date":"2023-11-10T08:33:45","date_gmt":"2023-11-10T07:39:43","guid":{"rendered":"https:\/\/www.sylvie-monthule.com\/?post_type=product&#038;p=135902"},"modified":"2025-01-10T11:40:57","modified_gmt":"2025-01-10T10:40:57","slug":"penisband-silber-hamatit-kugel","status":"publish","type":"product","link":"https:\/\/www.sylvie-monthule.com\/de\/juwel\/penisband-silber-hamatit-kugel\/","title":{"rendered":"Penisband Silber H\u00e4matit-Kugel"},"content":{"rendered":"<p>Eine H\u00e4matitkugel kr\u00f6nt Ihren Penis. Eine volle, visuelle Kugel mit reinem Glanz. Ein schlichtes und elegantes Intimarmband, das Sie ohne M\u00e4\u00dfigung tragen k\u00f6nnen!<\/p>\n","protected":false},"excerpt":{"rendered":"<p>Penisschmuck mit elastischer Basis<br \/>\nf\u00fcr eine perfekte Passform.<\/p>\n<p>H\u00e4matitkugel.<br \/>\n10 Mikron versilberte Ringe auf Metall.<br \/>\nHypoallergen.<\/p>\n","protected":false},"featured_media":135143,"template":"","meta":{"_acf_changed":false},"product_brand":[],"product_cat":[1687,1699],"product_tag":[],"class_list":{"0":"post-135902","1":"product","2":"type-product","3":"status-publish","4":"has-post-thumbnail","6":"product_cat-schmuck-fur-ihn","7":"product_cat-penis-schmuck","8":"collection-der-verbotene-garten","10":"first","11":"instock","12":"taxable","13":"shipping-taxable","14":"purchasable","15":"product-type-simple"},"acf":[],"_links":{"self":[{"href":"https:\/\/www.sylvie-monthule.com\/de\/wp-json\/wp\/v2\/product\/135902","targetHints":{"allow":["GET"]}}],"collection":[{"href":"https:\/\/www.sylvie-monthule.com\/de\/wp-json\/wp\/v2\/product"}],"about":[{"href":"https:\/\/www.sylvie-monthule.com\/de\/wp-json\/wp\/v2\/types\/product"}],"wp:featuredmedia":[{"embeddable":true,"href":"https:\/\/www.sylvie-monthule.com\/de\/wp-json\/wp\/v2\/media\/135143"}],"wp:attachment":[{"href":"https:\/\/www.sylvie-monthule.com\/de\/wp-json\/wp\/v2\/media?parent=135902"}],"wp:term":[{"taxonomy":"product_brand","embeddable":true,"href":"https:\/\/www.sylvie-monthule.com\/de\/wp-json\/wp\/v2\/product_brand?post=135902"},{"taxonomy":"product_cat","embeddable":true,"href":"https:\/\/www.sylvie-monthule.com\/de\/wp-json\/wp\/v2\/product_cat?post=135902"},{"taxonomy":"product_tag","embeddable":true,"href":"https:\/\/www.sylvie-monthule.com\/de\/wp-json\/wp\/v2\/product_tag?post=135902"}],"curies":[{"name":"wp","href":"https:\/\/api.w.org\/{rel}","templated":true}]}}