{"id":130082,"date":"2022-11-07T14:49:22","date_gmt":"2022-11-06T14:49:22","guid":{"rendered":"https:\/\/www.sylvie-monthule.com\/?post_type=product&#038;p=130082"},"modified":"2025-02-17T08:46:58","modified_gmt":"2025-02-17T07:46:58","slug":"string-muschel-seltene-perle-silber","status":"publish","type":"product","link":"https:\/\/www.sylvie-monthule.com\/de\/juwel\/string-muschel-seltene-perle-silber\/","title":{"rendered":"String &#8222;Muschel seltene Perle&#8220; Silber"},"content":{"rendered":"<p>Der Ozean hat auf Ihrem Venush\u00fcgel eine bezaubernde Muschel abgelegt. Die silberne Muschel schmiegt sich wie ein intimes Schmuckk\u00e4stchen an Ihre Haut, enth\u00fcllt Ihre K\u00f6stlichkeiten&#8230; Unter dem Muschelschmuck taumelt und zappelt eine seltene Perle auf Ihren Lippen, um Sie erschauern zu lassen &#8230; Ihr nacktes Geschlecht bietet sich allen Liebkosungen der Liebe an. Eine zweite Muschel glitzert um Ihre Erotik und Sch\u00f6nheit zu betonen, in der Kurve Ihres R\u00fcckens.<\/p>\n","protected":false},"excerpt":{"rendered":"<p>Dank der elastischen Halterungen<br \/>\naus weicher Baumwolle<br \/>\nkann der Schmuck-String perfekt platziert werden.<\/p>\n<p>Muschel und kette : Silber 10 Mikron auf Metal<br \/>\nPerle ; Hohe Vergoldung 1 Mikron<br \/>\n16 Karat und Finish 24 Karat auf Metall.<br \/>\nMuschelschmuck auf der R\u00fcckseite des Strings<br \/>\nHypoallergen.<\/p>\n","protected":false},"featured_media":129518,"template":"","meta":{"_acf_changed":false},"product_brand":[],"product_cat":[1683,1698],"product_tag":[],"class_list":{"0":"post-130082","1":"product","2":"type-product","3":"status-publish","4":"has-post-thumbnail","6":"product_cat-schmuck-fur-sie","7":"product_cat-schmuckstrings","8":"collection-ozean-der-streicheleinheiten","9":"product_option-size-information-de","11":"first","12":"instock","13":"taxable","14":"shipping-taxable","15":"purchasable","16":"product-type-simple"},"acf":[],"_links":{"self":[{"href":"https:\/\/www.sylvie-monthule.com\/de\/wp-json\/wp\/v2\/product\/130082","targetHints":{"allow":["GET"]}}],"collection":[{"href":"https:\/\/www.sylvie-monthule.com\/de\/wp-json\/wp\/v2\/product"}],"about":[{"href":"https:\/\/www.sylvie-monthule.com\/de\/wp-json\/wp\/v2\/types\/product"}],"wp:featuredmedia":[{"embeddable":true,"href":"https:\/\/www.sylvie-monthule.com\/de\/wp-json\/wp\/v2\/media\/129518"}],"wp:attachment":[{"href":"https:\/\/www.sylvie-monthule.com\/de\/wp-json\/wp\/v2\/media?parent=130082"}],"wp:term":[{"taxonomy":"product_brand","embeddable":true,"href":"https:\/\/www.sylvie-monthule.com\/de\/wp-json\/wp\/v2\/product_brand?post=130082"},{"taxonomy":"product_cat","embeddable":true,"href":"https:\/\/www.sylvie-monthule.com\/de\/wp-json\/wp\/v2\/product_cat?post=130082"},{"taxonomy":"product_tag","embeddable":true,"href":"https:\/\/www.sylvie-monthule.com\/de\/wp-json\/wp\/v2\/product_tag?post=130082"}],"curies":[{"name":"wp","href":"https:\/\/api.w.org\/{rel}","templated":true}]}}