{"id":130079,"date":"2022-11-07T14:49:23","date_gmt":"2022-11-06T14:49:23","guid":{"rendered":"https:\/\/www.sylvie-monthule.com\/?post_type=product&#038;p=130079"},"modified":"2025-02-17T08:46:45","modified_gmt":"2025-02-17T07:46:45","slug":"penetrierender-string-sexmuschel-gold","status":"publish","type":"product","link":"https:\/\/www.sylvie-monthule.com\/de\/juwel\/penetrierender-string-sexmuschel-gold\/","title":{"rendered":"Penetrierender String &#8222;Sexmuschel &#8220; Gold"},"content":{"rendered":"<p>Ein Schmuckst\u00fcck, das Ihre brennenden W\u00fcnsche erf\u00fcllt. und der Ihren K\u00f6rper in einen Sturm verwandelt! Der Muschelstring, der Ihr Geschlecht ziert, verbirgt einen Schatz&#8230; Am Ende der goldenen Kette befindet sich eine elfenbeinfarbene Eichel aus Harz, die zart und sinnlich in Sie eindringt. Ein einzigartiges Sextoy-Schmuckst\u00fcck, um einzutauchen. ins Herz der Wellen, ins Herz der Lust.<\/p>\n","protected":false},"excerpt":{"rendered":"<p>Dank der elastischen Halterungen<br \/>\naus weicher Baumwolle<br \/>\nkann der Schmuck-String perfekt platziert werden.<\/p>\n<p>Muschel und kette : Hohe Vergoldung 1 Mikron<br \/>\n16 Karat und Finish 24 Karat auf Metall.<br \/>\nPerle ; Silber 10 Mikron auf Metall<br \/>\nMuschelschmuck auf der R\u00fcckseite des Strings<\/p>\n<p>Eichel aus hypoallergenem Harz.<br \/>\nElfenbeinfarben (Durchmesser: ca. 32 mm).<br \/>\nan einer geschwei\u00dften Kette (Gesamtl\u00e4nge der Kette: 15 cm).<\/p>\n","protected":false},"featured_media":129538,"template":"","meta":{"_acf_changed":false},"product_brand":[],"product_cat":[1683,1695],"product_tag":[],"class_list":{"0":"post-130079","1":"product","2":"type-product","3":"status-publish","4":"has-post-thumbnail","6":"product_cat-schmuck-fur-sie","7":"product_cat-stimulierender-und-penetrierender-schmuck","8":"collection-ozean-der-streicheleinheiten","9":"product_option-size-information-de","11":"first","12":"instock","13":"taxable","14":"shipping-taxable","15":"purchasable","16":"product-type-simple"},"acf":[],"_links":{"self":[{"href":"https:\/\/www.sylvie-monthule.com\/de\/wp-json\/wp\/v2\/product\/130079","targetHints":{"allow":["GET"]}}],"collection":[{"href":"https:\/\/www.sylvie-monthule.com\/de\/wp-json\/wp\/v2\/product"}],"about":[{"href":"https:\/\/www.sylvie-monthule.com\/de\/wp-json\/wp\/v2\/types\/product"}],"wp:featuredmedia":[{"embeddable":true,"href":"https:\/\/www.sylvie-monthule.com\/de\/wp-json\/wp\/v2\/media\/129538"}],"wp:attachment":[{"href":"https:\/\/www.sylvie-monthule.com\/de\/wp-json\/wp\/v2\/media?parent=130079"}],"wp:term":[{"taxonomy":"product_brand","embeddable":true,"href":"https:\/\/www.sylvie-monthule.com\/de\/wp-json\/wp\/v2\/product_brand?post=130079"},{"taxonomy":"product_cat","embeddable":true,"href":"https:\/\/www.sylvie-monthule.com\/de\/wp-json\/wp\/v2\/product_cat?post=130079"},{"taxonomy":"product_tag","embeddable":true,"href":"https:\/\/www.sylvie-monthule.com\/de\/wp-json\/wp\/v2\/product_tag?post=130079"}],"curies":[{"name":"wp","href":"https:\/\/api.w.org\/{rel}","templated":true}]}}