{"id":130068,"date":"2022-11-07T14:49:25","date_gmt":"2022-11-06T14:49:25","guid":{"rendered":"https:\/\/www.sylvie-monthule.com\/?post_type=product&#038;p=130068"},"modified":"2025-02-17T08:46:57","modified_gmt":"2025-02-17T07:46:57","slug":"string-meerjungfrauenschwanz-silber-und-blau","status":"publish","type":"product","link":"https:\/\/www.sylvie-monthule.com\/de\/juwel\/string-meerjungfrauenschwanz-silber-und-blau\/","title":{"rendered":"String &#8222;Meerjungfrauenschwanz&#8220; silber und blau"},"content":{"rendered":"<p>Ein Meerjungfrauenschwanz taucht \u00fcber die Kurve Ihres Geschlechts. Die silberne Flosse scheint sich wie ein Schleier zu bewegen, der mit blauen Glitzern \u00fcbers\u00e4t ist. Ihre Finger gleiten \u00fcber das leuchtende Schmuckst\u00fcck, dessen sinnliche Kr\u00fcmmung der D\u00fcne Ihres Geschlechts folgt, und tauchen den funkelnden Tropfen in den Ozean Ihrer Geheimnisse. Die Lust \u00fcberw\u00e4ltigt Sie und rei\u00dft Sie mit sich. Ein Schmuckstring von erhabener Erotik, den Sie tragen k\u00f6nnen. w\u00e4hrend des Liebesspiels f\u00fcr einzigartige Empfindungen. Ein majest\u00e4tisches Schmuckst\u00fcck wie ein Liebeslied, das sogar die Kurve Ihres Ges\u00e4\u00dfes schm\u00fcckt&#8230;<\/p>\n","protected":false},"excerpt":{"rendered":"<p>Dank der elastischen Halterungen<br \/>\naus weicher Baumwolle<br \/>\nkann der Schmuck-String perfekt platziert werden.<\/p>\n<p>Breite des Meerjungfrauenschwanzes: ca. 7 cm.<br \/>\nSilber 10 Mikron auf Metall.<br \/>\nVoller Tropfen. Blau Emaille.<br \/>\nMuschel auf der R\u00fcckseite des Strings.<br \/>\nHypoallergen.<\/p>\n","protected":false},"featured_media":129610,"template":"","meta":{"_acf_changed":false},"product_brand":[],"product_cat":[1683,1698],"product_tag":[],"class_list":{"0":"post-130068","1":"product","2":"type-product","3":"status-publish","4":"has-post-thumbnail","6":"product_cat-schmuck-fur-sie","7":"product_cat-schmuckstrings","8":"collection-30-jahre-erotik","9":"collection-ozean-der-streicheleinheiten","10":"product_option-size-information-de","12":"first","13":"instock","14":"taxable","15":"shipping-taxable","16":"purchasable","17":"product-type-simple"},"acf":[],"_links":{"self":[{"href":"https:\/\/www.sylvie-monthule.com\/de\/wp-json\/wp\/v2\/product\/130068","targetHints":{"allow":["GET"]}}],"collection":[{"href":"https:\/\/www.sylvie-monthule.com\/de\/wp-json\/wp\/v2\/product"}],"about":[{"href":"https:\/\/www.sylvie-monthule.com\/de\/wp-json\/wp\/v2\/types\/product"}],"wp:featuredmedia":[{"embeddable":true,"href":"https:\/\/www.sylvie-monthule.com\/de\/wp-json\/wp\/v2\/media\/129610"}],"wp:attachment":[{"href":"https:\/\/www.sylvie-monthule.com\/de\/wp-json\/wp\/v2\/media?parent=130068"}],"wp:term":[{"taxonomy":"product_brand","embeddable":true,"href":"https:\/\/www.sylvie-monthule.com\/de\/wp-json\/wp\/v2\/product_brand?post=130068"},{"taxonomy":"product_cat","embeddable":true,"href":"https:\/\/www.sylvie-monthule.com\/de\/wp-json\/wp\/v2\/product_cat?post=130068"},{"taxonomy":"product_tag","embeddable":true,"href":"https:\/\/www.sylvie-monthule.com\/de\/wp-json\/wp\/v2\/product_tag?post=130068"}],"curies":[{"name":"wp","href":"https:\/\/api.w.org\/{rel}","templated":true}]}}