{"id":130053,"date":"2022-11-07T14:49:29","date_gmt":"2022-11-06T14:49:29","guid":{"rendered":"https:\/\/www.sylvie-monthule.com\/?post_type=product&#038;p=130053"},"modified":"2025-02-17T08:47:15","modified_gmt":"2025-02-17T07:47:15","slug":"nippelschmuck-ozeangeheimnisse-gold","status":"publish","type":"product","link":"https:\/\/www.sylvie-monthule.com\/de\/juwel\/nippelschmuck-ozeangeheimnisse-gold\/","title":{"rendered":"Nippelschmuck &#8222;Ozeangeheimnisse&#8220; Gold"},"content":{"rendered":"<p>Die Nippel sind mit wundersch\u00f6nen goldenen Muscheln verziert, in Form von Miniatur-Jakobsmuscheln&#8230; Ein H\u00e4matitstein, der wie eine seltene Perle aussieht, ist in der Mitte des Muscheln. Die Schmuckst\u00fccke schaukeln auf der D\u00fcne Ihrer Br\u00fcste, kentern die Haut, schmecken Ihre Schauer. Eine erotische Pracht!<\/p>\n","protected":false},"excerpt":{"rendered":"<p>Schmuck mit &#8222;Brustbefestigung\u201c,<br \/>\ngleitend und ohne Piercing, die an alle<br \/>\nBrustwarzengr\u00f6\u00dfen angepasst werden kann.<\/p>\n<p>Hohe Vergoldung 1 Mikron 16 Karat und Finish 24 Karat auf Metall.<br \/>\nH\u00e4matit-Steine. Hypoallergen.<\/p>\n","protected":false},"featured_media":128776,"template":"","meta":{"_acf_changed":false},"product_brand":[],"product_cat":[1683,1692],"product_tag":[],"class_list":{"0":"post-130053","1":"product","2":"type-product","3":"status-publish","4":"has-post-thumbnail","6":"product_cat-schmuck-fur-sie","7":"product_cat-brustschmuck-ohne-piercing","8":"collection-ozean-der-streicheleinheiten","9":"product_option-sold-in-pairs-de","11":"first","12":"instock","13":"taxable","14":"shipping-taxable","15":"purchasable","16":"product-type-simple"},"acf":[],"_links":{"self":[{"href":"https:\/\/www.sylvie-monthule.com\/de\/wp-json\/wp\/v2\/product\/130053","targetHints":{"allow":["GET"]}}],"collection":[{"href":"https:\/\/www.sylvie-monthule.com\/de\/wp-json\/wp\/v2\/product"}],"about":[{"href":"https:\/\/www.sylvie-monthule.com\/de\/wp-json\/wp\/v2\/types\/product"}],"wp:featuredmedia":[{"embeddable":true,"href":"https:\/\/www.sylvie-monthule.com\/de\/wp-json\/wp\/v2\/media\/128776"}],"wp:attachment":[{"href":"https:\/\/www.sylvie-monthule.com\/de\/wp-json\/wp\/v2\/media?parent=130053"}],"wp:term":[{"taxonomy":"product_brand","embeddable":true,"href":"https:\/\/www.sylvie-monthule.com\/de\/wp-json\/wp\/v2\/product_brand?post=130053"},{"taxonomy":"product_cat","embeddable":true,"href":"https:\/\/www.sylvie-monthule.com\/de\/wp-json\/wp\/v2\/product_cat?post=130053"},{"taxonomy":"product_tag","embeddable":true,"href":"https:\/\/www.sylvie-monthule.com\/de\/wp-json\/wp\/v2\/product_tag?post=130053"}],"curies":[{"name":"wp","href":"https:\/\/api.w.org\/{rel}","templated":true}]}}