{"id":130052,"date":"2022-11-07T14:49:30","date_gmt":"2022-11-06T14:49:30","guid":{"rendered":"https:\/\/www.sylvie-monthule.com\/?post_type=product&#038;p=130052"},"modified":"2025-02-17T08:47:14","modified_gmt":"2025-02-17T07:47:14","slug":"nippelschmuck-ozeangeheimnisse-silber","status":"publish","type":"product","link":"https:\/\/www.sylvie-monthule.com\/de\/juwel\/nippelschmuck-ozeangeheimnisse-silber\/","title":{"rendered":"Nippelschmuck &#8222;Ozeangeheimnisse&#8220; Silber"},"content":{"rendered":"<p>Die Nippel sind mit wundersch\u00f6nen silbernen Muscheln verziert, in Form von Miniatur-Jakobsmuscheln&#8230; Ein blauer Stein, wie ein Tropfen aus dem Ozean, glitzert in der Vertiefung der Muscheln. Die Schmuckst\u00fccke schaukeln auf der D\u00fcne Ihrer Br\u00fcste, kentern die Haut, schmecken Ihre Schauer. Eine erotische Pracht!<\/p>\n","protected":false},"excerpt":{"rendered":"<p>Schmuck mit &#8222;Brustbefestigung\u201c,<br \/>\ngleitend und ohne Piercing, die an alle<br \/>\nBrustwarzengr\u00f6\u00dfen angepasst werden kann.<\/p>\n<p>Silber 10 Mikon auf Metall.<br \/>\nBlaue Steine. Hypoallergen.<\/p>\n","protected":false},"featured_media":128792,"template":"","meta":{"_acf_changed":false},"product_brand":[],"product_cat":[1683,1692],"product_tag":[],"class_list":{"0":"post-130052","1":"product","2":"type-product","3":"status-publish","4":"has-post-thumbnail","6":"product_cat-schmuck-fur-sie","7":"product_cat-brustschmuck-ohne-piercing","8":"collection-ozean-der-streicheleinheiten","9":"product_option-sold-in-pairs-de","11":"first","12":"instock","13":"taxable","14":"shipping-taxable","15":"purchasable","16":"product-type-simple"},"acf":[],"_links":{"self":[{"href":"https:\/\/www.sylvie-monthule.com\/de\/wp-json\/wp\/v2\/product\/130052","targetHints":{"allow":["GET"]}}],"collection":[{"href":"https:\/\/www.sylvie-monthule.com\/de\/wp-json\/wp\/v2\/product"}],"about":[{"href":"https:\/\/www.sylvie-monthule.com\/de\/wp-json\/wp\/v2\/types\/product"}],"wp:featuredmedia":[{"embeddable":true,"href":"https:\/\/www.sylvie-monthule.com\/de\/wp-json\/wp\/v2\/media\/128792"}],"wp:attachment":[{"href":"https:\/\/www.sylvie-monthule.com\/de\/wp-json\/wp\/v2\/media?parent=130052"}],"wp:term":[{"taxonomy":"product_brand","embeddable":true,"href":"https:\/\/www.sylvie-monthule.com\/de\/wp-json\/wp\/v2\/product_brand?post=130052"},{"taxonomy":"product_cat","embeddable":true,"href":"https:\/\/www.sylvie-monthule.com\/de\/wp-json\/wp\/v2\/product_cat?post=130052"},{"taxonomy":"product_tag","embeddable":true,"href":"https:\/\/www.sylvie-monthule.com\/de\/wp-json\/wp\/v2\/product_tag?post=130052"}],"curies":[{"name":"wp","href":"https:\/\/api.w.org\/{rel}","templated":true}]}}