{"id":130038,"date":"2022-11-07T14:49:33","date_gmt":"2022-11-06T14:49:33","guid":{"rendered":"https:\/\/www.sylvie-monthule.com\/?post_type=product&#038;p=130038"},"modified":"2025-02-17T08:47:12","modified_gmt":"2025-02-17T07:47:12","slug":"brustkette-meerjungfrauenschwanz-silber-und-blau","status":"publish","type":"product","link":"https:\/\/www.sylvie-monthule.com\/de\/juwel\/brustkette-meerjungfrauenschwanz-silber-und-blau\/","title":{"rendered":"Brustkette &#8222;Meerjungfrauenschwanz&#8220; silber und blau"},"content":{"rendered":"<p>Ein wunderbares Schmuckst\u00fcck taucht zwischen den D\u00fcnen Ihrer Br\u00fcste ein. Ein silberner und blauer Meerjungfrauenschwanz, so weich wie ein Schleier, gleitet \u00fcber Ihren K\u00f6rper und breitet seine Netze aus bis hin zu Ihren vor Lust bebenden Br\u00fcsten&#8230; Ihre gefangenen Nippel strecken sich vor Lust, geben sich dem Reiben der Ketten hin, den Liebkosungen der Tropfen&#8230;. Ein erotisches Juwel mit tausend Reflexionen, von unglaublicher Pracht.<\/p>\n","protected":false},"excerpt":{"rendered":"<p>Dank der verstellbaren Halskette k\u00f6nnen<br \/>\nSie Ihr Brustcollier wunschgem\u00e4\u00df justieren.<br \/>\n&#8222;Brustbefestigungen\u201c ohne Piercing, gleitend,<br \/>\nf\u00fcr alle Brustwarzengr\u00f6\u00dfen geeignet.<\/p>\n<p>Silber 10 Mikrons auf Metall.<br \/>\nBlau Emaille. Breite Meerjungfrauenschwanz : 4.5 cm.<br \/>\nHypoallergen.<\/p>\n","protected":false},"featured_media":129314,"template":"","meta":{"_acf_changed":false},"product_brand":[],"product_cat":[1683,1692],"product_tag":[],"class_list":{"0":"post-130038","1":"product","2":"type-product","3":"status-publish","4":"has-post-thumbnail","6":"product_cat-schmuck-fur-sie","7":"product_cat-brustschmuck-ohne-piercing","8":"collection-30-jahre-erotik","9":"collection-ozean-der-streicheleinheiten","11":"first","12":"instock","13":"taxable","14":"shipping-taxable","15":"purchasable","16":"product-type-simple"},"acf":[],"_links":{"self":[{"href":"https:\/\/www.sylvie-monthule.com\/de\/wp-json\/wp\/v2\/product\/130038","targetHints":{"allow":["GET"]}}],"collection":[{"href":"https:\/\/www.sylvie-monthule.com\/de\/wp-json\/wp\/v2\/product"}],"about":[{"href":"https:\/\/www.sylvie-monthule.com\/de\/wp-json\/wp\/v2\/types\/product"}],"wp:featuredmedia":[{"embeddable":true,"href":"https:\/\/www.sylvie-monthule.com\/de\/wp-json\/wp\/v2\/media\/129314"}],"wp:attachment":[{"href":"https:\/\/www.sylvie-monthule.com\/de\/wp-json\/wp\/v2\/media?parent=130038"}],"wp:term":[{"taxonomy":"product_brand","embeddable":true,"href":"https:\/\/www.sylvie-monthule.com\/de\/wp-json\/wp\/v2\/product_brand?post=130038"},{"taxonomy":"product_cat","embeddable":true,"href":"https:\/\/www.sylvie-monthule.com\/de\/wp-json\/wp\/v2\/product_cat?post=130038"},{"taxonomy":"product_tag","embeddable":true,"href":"https:\/\/www.sylvie-monthule.com\/de\/wp-json\/wp\/v2\/product_tag?post=130038"}],"curies":[{"name":"wp","href":"https:\/\/api.w.org\/{rel}","templated":true}]}}