{"id":130037,"date":"2022-11-07T14:49:33","date_gmt":"2022-11-06T14:49:33","guid":{"rendered":"https:\/\/www.sylvie-monthule.com\/?post_type=product&#038;p=130037"},"modified":"2025-02-17T08:47:13","modified_gmt":"2025-02-17T07:47:13","slug":"brustschmuck-der-gesang-der-meerjungfrau-gold","status":"publish","type":"product","link":"https:\/\/www.sylvie-monthule.com\/de\/juwel\/brustschmuck-der-gesang-der-meerjungfrau-gold\/","title":{"rendered":"Brustschmuck &#8222;der Gesang der Meerjungfrau&#8220; Gold"},"content":{"rendered":"<p>Eine Meerjungfrau ist in der Vertiefung gestrandet in Ihrem Dekollet\u00e9. Das Schmuckst\u00fcck verzaubert den Blick: die Kurven der Meerjungfrau, ihre weichen Schuppen und glitzernd, ihre schwarz schimmernde Flosse &#8230; Die goldenen Ketten wie sinnliche Wellen, streicheln Ihre Br\u00fcste und umschlie\u00dfen Ihre Brustwarzen der Sch\u00f6nheit und der Lust &#8230; Die Tr\u00f6pfchen bewegen sich auf der Haut. Tausend Schauer durchlaufen Sie. Ein Schmuckst\u00fcck, so intim, so magisch.<\/p>\n","protected":false},"excerpt":{"rendered":"<p>Dank der verstellbaren Halskette k\u00f6nnen<br \/>\nSie Ihr Brustcollier wunschgem\u00e4\u00df justieren.<br \/>\n&#8222;Brustbefestigungen\u201c ohne Piercing, gleitend,<br \/>\nf\u00fcr alle Brustwarzengr\u00f6\u00dfen geeignet.<\/p>\n<p>Hohe Vergoldung 1 Mikron 16 Karat und Finish 24 Karat auf Metall.<br \/>\nSchwarze Emaille. H\u00f6he Meerjungfrau : 3.5 cm.<br \/>\nHypoallergen.<\/p>\n","protected":false},"featured_media":129336,"template":"","meta":{"_acf_changed":false},"product_brand":[],"product_cat":[1683,1692],"product_tag":[],"class_list":{"0":"post-130037","1":"product","2":"type-product","3":"status-publish","4":"has-post-thumbnail","6":"product_cat-schmuck-fur-sie","7":"product_cat-brustschmuck-ohne-piercing","8":"collection-ozean-der-streicheleinheiten","10":"first","11":"instock","12":"taxable","13":"shipping-taxable","14":"purchasable","15":"product-type-simple"},"acf":[],"_links":{"self":[{"href":"https:\/\/www.sylvie-monthule.com\/de\/wp-json\/wp\/v2\/product\/130037","targetHints":{"allow":["GET"]}}],"collection":[{"href":"https:\/\/www.sylvie-monthule.com\/de\/wp-json\/wp\/v2\/product"}],"about":[{"href":"https:\/\/www.sylvie-monthule.com\/de\/wp-json\/wp\/v2\/types\/product"}],"wp:featuredmedia":[{"embeddable":true,"href":"https:\/\/www.sylvie-monthule.com\/de\/wp-json\/wp\/v2\/media\/129336"}],"wp:attachment":[{"href":"https:\/\/www.sylvie-monthule.com\/de\/wp-json\/wp\/v2\/media?parent=130037"}],"wp:term":[{"taxonomy":"product_brand","embeddable":true,"href":"https:\/\/www.sylvie-monthule.com\/de\/wp-json\/wp\/v2\/product_brand?post=130037"},{"taxonomy":"product_cat","embeddable":true,"href":"https:\/\/www.sylvie-monthule.com\/de\/wp-json\/wp\/v2\/product_cat?post=130037"},{"taxonomy":"product_tag","embeddable":true,"href":"https:\/\/www.sylvie-monthule.com\/de\/wp-json\/wp\/v2\/product_tag?post=130037"}],"curies":[{"name":"wp","href":"https:\/\/api.w.org\/{rel}","templated":true}]}}