{"id":130030,"date":"2022-11-07T14:49:35","date_gmt":"2022-11-06T14:49:35","guid":{"rendered":"https:\/\/www.sylvie-monthule.com\/?post_type=product&#038;p=130030"},"modified":"2025-02-17T08:47:11","modified_gmt":"2025-02-17T07:47:11","slug":"brust-collier-ozean-der-liebkosungen-gold","status":"publish","type":"product","link":"https:\/\/www.sylvie-monthule.com\/de\/juwel\/brust-collier-ozean-der-liebkosungen-gold\/","title":{"rendered":"Brust-Collier &#8222;Ozean der Liebkosungen&#8220; Gold"},"content":{"rendered":"<p>Im Ausschnitt Ihres Dekollet\u00e9s, funkelt eine erhabene Muschel&#8230; Gekleidet in Gold und schwarzen Glitzer, scheint sie auf der Haut zu atmen. Glitzernde Ketten str\u00f6men aus der Muschel. um Ihre Br\u00fcste zu schm\u00fccken und zu fangen Ihre Brustwarzen. Jede Bewegung der Ketten ist eine exquisite Liebkosung, jede Bewegung wird zur Wollust. Ein einzigartiges erotisches Schmuckst\u00fcck.<\/p>\n","protected":false},"excerpt":{"rendered":"<p>Dank der verstellbaren Halskette k\u00f6nnen<br \/>\nSie Ihr Brustcollier wunschgem\u00e4\u00df justieren.<br \/>\n&#8222;Brustbefestigungen\u201c ohne Piercing, gleitend,<br \/>\nf\u00fcr alle Brustwarzengr\u00f6\u00dfen geeignet.<\/p>\n<p>Hohe Vergoldung 1 Mikron 16 Karat und Finish 24 Karat auf Metall.<br \/>\nSchwarze Emaille.<br \/>\nHypoallergen.<\/p>\n","protected":false},"featured_media":129384,"template":"","meta":{"_acf_changed":false},"product_brand":[],"product_cat":[1683,1692],"product_tag":[],"class_list":{"0":"post-130030","1":"product","2":"type-product","3":"status-publish","4":"has-post-thumbnail","6":"product_cat-schmuck-fur-sie","7":"product_cat-brustschmuck-ohne-piercing","8":"collection-ozean-der-streicheleinheiten","10":"first","11":"instock","12":"taxable","13":"shipping-taxable","14":"purchasable","15":"product-type-simple"},"acf":[],"_links":{"self":[{"href":"https:\/\/www.sylvie-monthule.com\/de\/wp-json\/wp\/v2\/product\/130030","targetHints":{"allow":["GET"]}}],"collection":[{"href":"https:\/\/www.sylvie-monthule.com\/de\/wp-json\/wp\/v2\/product"}],"about":[{"href":"https:\/\/www.sylvie-monthule.com\/de\/wp-json\/wp\/v2\/types\/product"}],"wp:featuredmedia":[{"embeddable":true,"href":"https:\/\/www.sylvie-monthule.com\/de\/wp-json\/wp\/v2\/media\/129384"}],"wp:attachment":[{"href":"https:\/\/www.sylvie-monthule.com\/de\/wp-json\/wp\/v2\/media?parent=130030"}],"wp:term":[{"taxonomy":"product_brand","embeddable":true,"href":"https:\/\/www.sylvie-monthule.com\/de\/wp-json\/wp\/v2\/product_brand?post=130030"},{"taxonomy":"product_cat","embeddable":true,"href":"https:\/\/www.sylvie-monthule.com\/de\/wp-json\/wp\/v2\/product_cat?post=130030"},{"taxonomy":"product_tag","embeddable":true,"href":"https:\/\/www.sylvie-monthule.com\/de\/wp-json\/wp\/v2\/product_tag?post=130030"}],"curies":[{"name":"wp","href":"https:\/\/api.w.org\/{rel}","templated":true}]}}