{"id":130023,"date":"2022-11-07T14:49:36","date_gmt":"2022-11-06T14:49:36","guid":{"rendered":"https:\/\/www.sylvie-monthule.com\/?post_type=product&#038;p=130023"},"modified":"2025-02-27T14:26:44","modified_gmt":"2025-02-27T13:26:44","slug":"anhanger-meerjungfrau-gold-und-schwarz","status":"publish","type":"product","link":"https:\/\/www.sylvie-monthule.com\/de\/juwel\/anhanger-meerjungfrau-gold-und-schwarz\/","title":{"rendered":"Anh\u00e4nger Meerjungfrau gold und schwarz"},"content":{"rendered":"<p>Ein Meerjungfrauenanh\u00e4nger von \u00fcberirdischer Sch\u00f6nheit ziert Ihre B\u00fcste. Ihr glitzernder K\u00f6rper, ihr Schwanz von tiefem Schwarz, schmiegen sich strahlend an Ihre Haut. Die kleine h\u00e4ngende Perle erinnert an an den Schaum der Wellen &#8230; Sch\u00f6nheit und Magie verschmelzen.<\/p>\n","protected":false},"excerpt":{"rendered":"<p>Anh\u00e4nger mit Kette<br \/>\nvon 50 cm L\u00e4nge (ca.)<\/p>\n<p>Hochwertige Vergoldung 1 Mikron<br \/>\n16 Karat und Finish 24 Karat.<br \/>\nSchwarze Emaille. H\u00f6he Meerjungfrau : 3.5 cm.<br \/>\nHypoallergen.<\/p>\n","protected":false},"featured_media":129430,"template":"","meta":{"_acf_changed":false},"product_brand":[],"product_cat":[1683,1696],"product_tag":[],"class_list":{"0":"post-130023","1":"product","2":"type-product","3":"status-publish","4":"has-post-thumbnail","6":"product_cat-schmuck-fur-sie","7":"product_cat-halsketten-und-ohrringe","8":"collection-ozean-der-streicheleinheiten","10":"first","11":"instock","12":"taxable","13":"shipping-taxable","14":"purchasable","15":"product-type-simple"},"acf":[],"_links":{"self":[{"href":"https:\/\/www.sylvie-monthule.com\/de\/wp-json\/wp\/v2\/product\/130023","targetHints":{"allow":["GET"]}}],"collection":[{"href":"https:\/\/www.sylvie-monthule.com\/de\/wp-json\/wp\/v2\/product"}],"about":[{"href":"https:\/\/www.sylvie-monthule.com\/de\/wp-json\/wp\/v2\/types\/product"}],"wp:featuredmedia":[{"embeddable":true,"href":"https:\/\/www.sylvie-monthule.com\/de\/wp-json\/wp\/v2\/media\/129430"}],"wp:attachment":[{"href":"https:\/\/www.sylvie-monthule.com\/de\/wp-json\/wp\/v2\/media?parent=130023"}],"wp:term":[{"taxonomy":"product_brand","embeddable":true,"href":"https:\/\/www.sylvie-monthule.com\/de\/wp-json\/wp\/v2\/product_brand?post=130023"},{"taxonomy":"product_cat","embeddable":true,"href":"https:\/\/www.sylvie-monthule.com\/de\/wp-json\/wp\/v2\/product_cat?post=130023"},{"taxonomy":"product_tag","embeddable":true,"href":"https:\/\/www.sylvie-monthule.com\/de\/wp-json\/wp\/v2\/product_tag?post=130023"}],"curies":[{"name":"wp","href":"https:\/\/api.w.org\/{rel}","templated":true}]}}