{"id":130019,"date":"2022-11-07T14:49:38","date_gmt":"2022-11-06T14:49:38","guid":{"rendered":"https:\/\/www.sylvie-monthule.com\/?post_type=product&#038;p=130019"},"modified":"2025-02-27T14:26:38","modified_gmt":"2025-02-27T13:26:38","slug":"anhanger-muschel-gold-und-schwarz","status":"publish","type":"product","link":"https:\/\/www.sylvie-monthule.com\/de\/juwel\/anhanger-muschel-gold-und-schwarz\/","title":{"rendered":"Anh\u00e4nger Muschel gold und schwarz"},"content":{"rendered":"<p>Die Reinheit eines Muschelanh\u00e4ngers, gekleidet in Gold mit schwarzen Reflexen&#8230; Ein Anh\u00e4nger mit originellem Design um an die Pracht des Ozeans zu erinnern und seine Sch\u00e4tze!<\/p>\n","protected":false},"excerpt":{"rendered":"<p>Anh\u00e4nger mit Kette<br \/>\nvon 50 cm L\u00e4nge (ca.)<\/p>\n<p>Hochwertige Vergoldung 1 Mikron<br \/>\n16 Karat und Finish 24 Karat.<br \/>\nSchwarze Emaille. H\u00f6he Muschel : 3.5 cm.<br \/>\nHypoallergen.<\/p>\n","protected":false},"featured_media":129458,"template":"","meta":{"_acf_changed":false},"product_brand":[],"product_cat":[1683,1696],"product_tag":[],"class_list":{"0":"post-130019","1":"product","2":"type-product","3":"status-publish","4":"has-post-thumbnail","6":"product_cat-schmuck-fur-sie","7":"product_cat-halsketten-und-ohrringe","8":"collection-ozean-der-streicheleinheiten","10":"first","11":"instock","12":"taxable","13":"shipping-taxable","14":"purchasable","15":"product-type-simple"},"acf":[],"_links":{"self":[{"href":"https:\/\/www.sylvie-monthule.com\/de\/wp-json\/wp\/v2\/product\/130019","targetHints":{"allow":["GET"]}}],"collection":[{"href":"https:\/\/www.sylvie-monthule.com\/de\/wp-json\/wp\/v2\/product"}],"about":[{"href":"https:\/\/www.sylvie-monthule.com\/de\/wp-json\/wp\/v2\/types\/product"}],"wp:featuredmedia":[{"embeddable":true,"href":"https:\/\/www.sylvie-monthule.com\/de\/wp-json\/wp\/v2\/media\/129458"}],"wp:attachment":[{"href":"https:\/\/www.sylvie-monthule.com\/de\/wp-json\/wp\/v2\/media?parent=130019"}],"wp:term":[{"taxonomy":"product_brand","embeddable":true,"href":"https:\/\/www.sylvie-monthule.com\/de\/wp-json\/wp\/v2\/product_brand?post=130019"},{"taxonomy":"product_cat","embeddable":true,"href":"https:\/\/www.sylvie-monthule.com\/de\/wp-json\/wp\/v2\/product_cat?post=130019"},{"taxonomy":"product_tag","embeddable":true,"href":"https:\/\/www.sylvie-monthule.com\/de\/wp-json\/wp\/v2\/product_tag?post=130019"}],"curies":[{"name":"wp","href":"https:\/\/api.w.org\/{rel}","templated":true}]}}