{"id":130007,"date":"2022-11-07T14:49:41","date_gmt":"2022-11-06T14:49:41","guid":{"rendered":"https:\/\/www.sylvie-monthule.com\/?post_type=product&#038;p=130007"},"modified":"2025-02-27T14:26:36","modified_gmt":"2025-02-27T13:26:36","slug":"ohrringe-ozeangeheimnisse-gold","status":"publish","type":"product","link":"https:\/\/www.sylvie-monthule.com\/de\/juwel\/ohrringe-ozeangeheimnisse-gold\/","title":{"rendered":"Ohrringe &#8222;Ozeangeheimnisse&#8220; Gold"},"content":{"rendered":"<p>Wundersch\u00f6ne Muschelohrringe, in goldener Ausf\u00fchrung. Im Inneren der Muscheln, schimmern die H\u00e4matit-Steine tausendfach. Ohrringe, die mit dem Nippelschmuck harmonieren. und der Taillenkette &#8222;Geheimnisse des Ozeans&#8220;!<\/p>\n","protected":false},"excerpt":{"rendered":"<p>Ohrringe f\u00fcr Ohrl\u00f6cher.<br \/>\nHochwertige Vergoldung 1 Mikron<br \/>\n16 Karat und Finish 24 Karat auf Metall.<br \/>\nH\u00e4matit-Steine<br \/>\nHypoallergen.<\/p>\n","protected":false},"featured_media":129030,"template":"","meta":{"_acf_changed":false},"product_brand":[],"product_cat":[1683,1696],"product_tag":[],"class_list":{"0":"post-130007","1":"product","2":"type-product","3":"status-publish","4":"has-post-thumbnail","6":"product_cat-schmuck-fur-sie","7":"product_cat-halsketten-und-ohrringe","8":"collection-ozean-der-streicheleinheiten","9":"product_option-sold-in-pairs-de","11":"first","12":"instock","13":"taxable","14":"shipping-taxable","15":"purchasable","16":"product-type-simple"},"acf":[],"_links":{"self":[{"href":"https:\/\/www.sylvie-monthule.com\/de\/wp-json\/wp\/v2\/product\/130007","targetHints":{"allow":["GET"]}}],"collection":[{"href":"https:\/\/www.sylvie-monthule.com\/de\/wp-json\/wp\/v2\/product"}],"about":[{"href":"https:\/\/www.sylvie-monthule.com\/de\/wp-json\/wp\/v2\/types\/product"}],"wp:featuredmedia":[{"embeddable":true,"href":"https:\/\/www.sylvie-monthule.com\/de\/wp-json\/wp\/v2\/media\/129030"}],"wp:attachment":[{"href":"https:\/\/www.sylvie-monthule.com\/de\/wp-json\/wp\/v2\/media?parent=130007"}],"wp:term":[{"taxonomy":"product_brand","embeddable":true,"href":"https:\/\/www.sylvie-monthule.com\/de\/wp-json\/wp\/v2\/product_brand?post=130007"},{"taxonomy":"product_cat","embeddable":true,"href":"https:\/\/www.sylvie-monthule.com\/de\/wp-json\/wp\/v2\/product_cat?post=130007"},{"taxonomy":"product_tag","embeddable":true,"href":"https:\/\/www.sylvie-monthule.com\/de\/wp-json\/wp\/v2\/product_tag?post=130007"}],"curies":[{"name":"wp","href":"https:\/\/api.w.org\/{rel}","templated":true}]}}