{"id":129993,"date":"2022-11-07T14:49:44","date_gmt":"2022-11-06T14:49:44","guid":{"rendered":"https:\/\/www.sylvie-monthule.com\/?post_type=product&#038;p=129993"},"modified":"2025-02-17T08:48:32","modified_gmt":"2025-02-17T07:48:32","slug":"taillenkette-der-gesang-der-meerjungfrau-gold","status":"publish","type":"product","link":"https:\/\/www.sylvie-monthule.com\/de\/juwel\/taillenkette-der-gesang-der-meerjungfrau-gold\/","title":{"rendered":"Taillenkette &#8222;der Gesang der Meerjungfrau&#8220; Gold"},"content":{"rendered":"<p>Ein Taillenkette mit einer wundersch\u00f6nen Meerjungfrau. die goldene Kette umschlingt Ihre H\u00fcften, und die Meerjungfrau enth\u00fcllt ihre Reize &#8230; Faszinierend beugt sie ihren in goldenes Licht gekleideten K\u00f6rper, und ihr schwarz schimmernder, glitzernder Schwanz wippt woll\u00fcstig hin und her. Ein sinnliches und bet\u00f6rendes K\u00f6rperjuwel!<\/p>\n","protected":false},"excerpt":{"rendered":"<p>Geben Sie im Block Ihre Gr\u00f6\u00dfe an:<br \/>\nS, M, L, XL \u2026 Egal welche Gr\u00f6\u00dfe<br \/>\nSie ausw\u00e4hlen, unser Taillenschmuck<br \/>\nist verstellbar.<\/p>\n<p>Hohe Vergoldung 1 Mikron 16 Karat und Finish 24 Karat auf Metall.<br \/>\nSchwarz Emaille. H\u00f6he Meerjungfrau : 3.5 cm.<br \/>\nHypoallergen.<\/p>\n","protected":false},"featured_media":129078,"template":"","meta":{"_acf_changed":false},"product_brand":[],"product_cat":[1683,1694],"product_tag":[],"class_list":{"0":"post-129993","1":"product","2":"type-product","3":"status-publish","4":"has-post-thumbnail","6":"product_cat-schmuck-fur-sie","7":"product_cat-taillenketten-fusketten","8":"collection-ozean-der-streicheleinheiten","10":"first","11":"instock","12":"taxable","13":"shipping-taxable","14":"purchasable","15":"product-type-variable","16":"has-default-attributes"},"acf":[],"_links":{"self":[{"href":"https:\/\/www.sylvie-monthule.com\/de\/wp-json\/wp\/v2\/product\/129993","targetHints":{"allow":["GET"]}}],"collection":[{"href":"https:\/\/www.sylvie-monthule.com\/de\/wp-json\/wp\/v2\/product"}],"about":[{"href":"https:\/\/www.sylvie-monthule.com\/de\/wp-json\/wp\/v2\/types\/product"}],"wp:featuredmedia":[{"embeddable":true,"href":"https:\/\/www.sylvie-monthule.com\/de\/wp-json\/wp\/v2\/media\/129078"}],"wp:attachment":[{"href":"https:\/\/www.sylvie-monthule.com\/de\/wp-json\/wp\/v2\/media?parent=129993"}],"wp:term":[{"taxonomy":"product_brand","embeddable":true,"href":"https:\/\/www.sylvie-monthule.com\/de\/wp-json\/wp\/v2\/product_brand?post=129993"},{"taxonomy":"product_cat","embeddable":true,"href":"https:\/\/www.sylvie-monthule.com\/de\/wp-json\/wp\/v2\/product_cat?post=129993"},{"taxonomy":"product_tag","embeddable":true,"href":"https:\/\/www.sylvie-monthule.com\/de\/wp-json\/wp\/v2\/product_tag?post=129993"}],"curies":[{"name":"wp","href":"https:\/\/api.w.org\/{rel}","templated":true}]}}