{"id":129977,"date":"2022-11-07T14:49:49","date_gmt":"2022-11-06T14:49:49","guid":{"rendered":"https:\/\/www.sylvie-monthule.com\/?post_type=product&#038;p=129977"},"modified":"2025-02-17T08:48:28","modified_gmt":"2025-02-17T07:48:28","slug":"taillenkette-muschel-ozean-gold","status":"publish","type":"product","link":"https:\/\/www.sylvie-monthule.com\/de\/juwel\/taillenkette-muschel-ozean-gold\/","title":{"rendered":"Taillenkette &#8222;Muschel Ozean\u201c Gold"},"content":{"rendered":"<p>Ein Taillenkette, das wie ein Streicheln des Ozeans geschnitten ist&#8230; Gold schm\u00fcckt Ihre H\u00fcften mit Sinnlichkeit und legt einen wundersch\u00f6nen Muschelschmuck auf Ihre Haut, mit schwarzem und goldenem Schimmer. Die Muschel schwankt auf Ihrer Haut und die Perle schwingt&#8230; Ein K\u00f6rperschmuck mit originellem Design.<\/p>\n","protected":false},"excerpt":{"rendered":"<p>Geben Sie im Block Ihre Gr\u00f6\u00dfe an:<br \/>\nS, M, L, XL \u2026 Egal welche Gr\u00f6\u00dfe<br \/>\nSie ausw\u00e4hlen, unser Taillenschmuck<br \/>\nist verstellbar.<\/p>\n<p>Hohe Vergoldung 1 Mikron 16 Karat und Finish 24 Karat auf Metall.<br \/>\nSchwarz Emaille. H\u00f6he Muschel: 3.5 cm.<br \/>\nHypoallergen.<\/p>\n","protected":false},"featured_media":129206,"template":"","meta":{"_acf_changed":false},"product_brand":[],"product_cat":[1683,1694],"product_tag":[],"class_list":{"0":"post-129977","1":"product","2":"type-product","3":"status-publish","4":"has-post-thumbnail","6":"product_cat-schmuck-fur-sie","7":"product_cat-taillenketten-fusketten","9":"first","10":"instock","11":"taxable","12":"shipping-taxable","13":"purchasable","14":"product-type-variable","15":"has-default-attributes"},"acf":[],"_links":{"self":[{"href":"https:\/\/www.sylvie-monthule.com\/de\/wp-json\/wp\/v2\/product\/129977","targetHints":{"allow":["GET"]}}],"collection":[{"href":"https:\/\/www.sylvie-monthule.com\/de\/wp-json\/wp\/v2\/product"}],"about":[{"href":"https:\/\/www.sylvie-monthule.com\/de\/wp-json\/wp\/v2\/types\/product"}],"wp:featuredmedia":[{"embeddable":true,"href":"https:\/\/www.sylvie-monthule.com\/de\/wp-json\/wp\/v2\/media\/129206"}],"wp:attachment":[{"href":"https:\/\/www.sylvie-monthule.com\/de\/wp-json\/wp\/v2\/media?parent=129977"}],"wp:term":[{"taxonomy":"product_brand","embeddable":true,"href":"https:\/\/www.sylvie-monthule.com\/de\/wp-json\/wp\/v2\/product_brand?post=129977"},{"taxonomy":"product_cat","embeddable":true,"href":"https:\/\/www.sylvie-monthule.com\/de\/wp-json\/wp\/v2\/product_cat?post=129977"},{"taxonomy":"product_tag","embeddable":true,"href":"https:\/\/www.sylvie-monthule.com\/de\/wp-json\/wp\/v2\/product_tag?post=129977"}],"curies":[{"name":"wp","href":"https:\/\/api.w.org\/{rel}","templated":true}]}}