{"id":129948,"date":"2022-11-07T14:49:56","date_gmt":"2022-11-06T14:49:56","guid":{"rendered":"https:\/\/www.sylvie-monthule.com\/?post_type=product&#038;p=129948"},"modified":"2025-08-25T20:38:18","modified_gmt":"2025-08-25T19:38:18","slug":"penisband-seemannsknoten-silber","status":"publish","type":"product","link":"https:\/\/www.sylvie-monthule.com\/de\/juwel\/penisband-seemannsknoten-silber\/","title":{"rendered":"Penisband &#8222;Seemannsknoten&#8220; Silber"},"content":{"rendered":"<p>Eine wundersch\u00f6ne Seemannsschleife ziert Ihren Penis&#8230; Die silberne Schleife h\u00e4lt perfekt an der Basis Ihres Geschlechts, dank seines elastischen G\u00fcrtelsystems. Ein origineller Penisschmuck f\u00fcr einen visuellen Effekt. elegant und realistisch in klarem Design.<\/p>\n","protected":false},"excerpt":{"rendered":"<p>Penisband mit elastischer Basis aus Baumwolle f\u00fcr einen perfekten Sitz.<br \/>\nSeemannsknoten Silber 10 Mikrons auf Metall.<br \/>\nHypoallergen.<\/p>\n","protected":false},"featured_media":128914,"template":"","meta":{"_acf_changed":false},"product_brand":[],"product_cat":[1687,1699],"product_tag":[],"class_list":{"0":"post-129948","1":"product","2":"type-product","3":"status-publish","4":"has-post-thumbnail","6":"product_cat-schmuck-fur-ihn","7":"product_cat-penis-schmuck","8":"collection-ozean-der-streicheleinheiten","10":"first","11":"instock","12":"taxable","13":"shipping-taxable","14":"purchasable","15":"product-type-simple"},"acf":[],"_links":{"self":[{"href":"https:\/\/www.sylvie-monthule.com\/de\/wp-json\/wp\/v2\/product\/129948","targetHints":{"allow":["GET"]}}],"collection":[{"href":"https:\/\/www.sylvie-monthule.com\/de\/wp-json\/wp\/v2\/product"}],"about":[{"href":"https:\/\/www.sylvie-monthule.com\/de\/wp-json\/wp\/v2\/types\/product"}],"wp:featuredmedia":[{"embeddable":true,"href":"https:\/\/www.sylvie-monthule.com\/de\/wp-json\/wp\/v2\/media\/128914"}],"wp:attachment":[{"href":"https:\/\/www.sylvie-monthule.com\/de\/wp-json\/wp\/v2\/media?parent=129948"}],"wp:term":[{"taxonomy":"product_brand","embeddable":true,"href":"https:\/\/www.sylvie-monthule.com\/de\/wp-json\/wp\/v2\/product_brand?post=129948"},{"taxonomy":"product_cat","embeddable":true,"href":"https:\/\/www.sylvie-monthule.com\/de\/wp-json\/wp\/v2\/product_cat?post=129948"},{"taxonomy":"product_tag","embeddable":true,"href":"https:\/\/www.sylvie-monthule.com\/de\/wp-json\/wp\/v2\/product_tag?post=129948"}],"curies":[{"name":"wp","href":"https:\/\/api.w.org\/{rel}","templated":true}]}}