{"id":118392,"date":"2021-11-09T11:02:25","date_gmt":"2021-11-08T11:02:25","guid":{"rendered":"https:\/\/www.sylvie-monthule.com\/?post_type=product&#038;p=118392\/"},"modified":"2025-02-17T08:47:18","modified_gmt":"2025-02-17T07:47:18","slug":"nippelschmuck-regen-von-perlen-silber","status":"publish","type":"product","link":"https:\/\/www.sylvie-monthule.com\/de\/juwel\/nippelschmuck-regen-von-perlen-silber\/","title":{"rendered":"Nippelschmuck \u201eRegen von Perlen\u201c Silber"},"content":{"rendered":"<p>Ein feiner Silberregen streift gegen Ihre Br\u00fcste. Jede Perle gleitet \u00fcber die Haut wie eine zarte Regentr\u00e4ne, eine Tr\u00e4ne der Liebe. Unter deinen Brustwarzen, so z\u00e4rtlich umschlungen, die Tropfen sind aufgew\u00fchlt und tausend Liebkosungen schmecken deine Sch\u00f6nheit.<\/p>\n","protected":false},"excerpt":{"rendered":"<p>Schmuck mit \u201eBrustbefestigung\u201c,<br \/>\ngleitend und ohne Piercing, die an alle<br \/>\nBrustwarzengr\u00f6\u00dfen angepasst werden kann.<\/p>\n<p>Brustschmuck Silber 10 Mikron auf Metall.<br \/>\nHypoallergen.<\/p>\n","protected":false},"featured_media":117427,"template":"","meta":{"_acf_changed":false},"product_brand":[],"product_cat":[1683,1692,1869,1873],"product_tag":[],"class_list":{"0":"post-118392","1":"product","2":"type-product","3":"status-publish","4":"has-post-thumbnail","6":"product_cat-schmuck-fur-sie","7":"product_cat-brustschmuck-ohne-piercing","8":"product_cat-sonderangebote","9":"product_cat-aktuelle-sonderangebote","10":"collection-leidenschaftlich-nackt","11":"product_option-sold-in-pairs-de","13":"first","14":"instock","15":"sale","16":"taxable","17":"shipping-taxable","18":"purchasable","19":"product-type-simple"},"acf":[],"_links":{"self":[{"href":"https:\/\/www.sylvie-monthule.com\/de\/wp-json\/wp\/v2\/product\/118392","targetHints":{"allow":["GET"]}}],"collection":[{"href":"https:\/\/www.sylvie-monthule.com\/de\/wp-json\/wp\/v2\/product"}],"about":[{"href":"https:\/\/www.sylvie-monthule.com\/de\/wp-json\/wp\/v2\/types\/product"}],"wp:featuredmedia":[{"embeddable":true,"href":"https:\/\/www.sylvie-monthule.com\/de\/wp-json\/wp\/v2\/media\/117427"}],"wp:attachment":[{"href":"https:\/\/www.sylvie-monthule.com\/de\/wp-json\/wp\/v2\/media?parent=118392"}],"wp:term":[{"taxonomy":"product_brand","embeddable":true,"href":"https:\/\/www.sylvie-monthule.com\/de\/wp-json\/wp\/v2\/product_brand?post=118392"},{"taxonomy":"product_cat","embeddable":true,"href":"https:\/\/www.sylvie-monthule.com\/de\/wp-json\/wp\/v2\/product_cat?post=118392"},{"taxonomy":"product_tag","embeddable":true,"href":"https:\/\/www.sylvie-monthule.com\/de\/wp-json\/wp\/v2\/product_tag?post=118392"}],"curies":[{"name":"wp","href":"https:\/\/api.w.org\/{rel}","templated":true}]}}