{"id":118367,"date":"2021-11-09T11:02:34","date_gmt":"2021-11-08T11:02:34","guid":{"rendered":"https:\/\/www.sylvie-monthule.com\/?post_type=product&#038;p=118367\/"},"modified":"2025-02-17T08:46:59","modified_gmt":"2025-02-17T07:46:59","slug":"schmuckstring-die-leidenschaft-der-liebenden-silber","status":"publish","type":"product","link":"https:\/\/www.sylvie-monthule.com\/de\/juwel\/schmuckstring-die-leidenschaft-der-liebenden-silber\/","title":{"rendered":"Schmuckstring \u201eDie Leidenschaft der Liebenden&#8220; Silber"},"content":{"rendered":"<p>Auf deinem Geschlecht umarmen sich zwei Liebende und ihre K\u00f6rper verschmelzen. Er und sie werden eins. Dieses Juwel von einem Paar scheint selbst in Silber gemei\u00dfelt und seine Weichheit ist exquisit auf der Haut. Aus dieser Leidenschaft wird der Schwindel der Lust geboren, wie der volle Tropfen, der zwischen deine fleischigen Lippen wandert, auf deiner Klitoris reibt&#8230; In der W\u00f6lbung Ihres R\u00fcckens zeichnen Goldketten und Perlen die \u00dcppigkeit Ihrer Pobacken&#8230; Ein wunderbarer Juwelen-Tanga, den man zu zweit entdecken kann, zwischen Liebenden&#8230; denn die Perle bietet tausend erotische Spiele.<\/p>\n","protected":false},"excerpt":{"rendered":"<p>Dank der elastischen Halterungen<br \/>\naus weicher Baumwolle<br \/>\nkann der Schmuck-String perfekt<br \/>\nplatziert werden.<\/p>\n<p>Silber 10 Mikron auf Metall.<br \/>\nHypoallergen.<\/p>\n","protected":false},"featured_media":118047,"template":"","meta":{"_acf_changed":false},"product_brand":[],"product_cat":[1683,1698],"product_tag":[],"class_list":{"0":"post-118367","1":"product","2":"type-product","3":"status-publish","4":"has-post-thumbnail","6":"product_cat-schmuck-fur-sie","7":"product_cat-schmuckstrings","8":"collection-leidenschaftlich-nackt","9":"product_option-size-information-de","11":"first","12":"instock","13":"taxable","14":"shipping-taxable","15":"purchasable","16":"product-type-simple"},"acf":[],"_links":{"self":[{"href":"https:\/\/www.sylvie-monthule.com\/de\/wp-json\/wp\/v2\/product\/118367","targetHints":{"allow":["GET"]}}],"collection":[{"href":"https:\/\/www.sylvie-monthule.com\/de\/wp-json\/wp\/v2\/product"}],"about":[{"href":"https:\/\/www.sylvie-monthule.com\/de\/wp-json\/wp\/v2\/types\/product"}],"wp:featuredmedia":[{"embeddable":true,"href":"https:\/\/www.sylvie-monthule.com\/de\/wp-json\/wp\/v2\/media\/118047"}],"wp:attachment":[{"href":"https:\/\/www.sylvie-monthule.com\/de\/wp-json\/wp\/v2\/media?parent=118367"}],"wp:term":[{"taxonomy":"product_brand","embeddable":true,"href":"https:\/\/www.sylvie-monthule.com\/de\/wp-json\/wp\/v2\/product_brand?post=118367"},{"taxonomy":"product_cat","embeddable":true,"href":"https:\/\/www.sylvie-monthule.com\/de\/wp-json\/wp\/v2\/product_cat?post=118367"},{"taxonomy":"product_tag","embeddable":true,"href":"https:\/\/www.sylvie-monthule.com\/de\/wp-json\/wp\/v2\/product_tag?post=118367"}],"curies":[{"name":"wp","href":"https:\/\/api.w.org\/{rel}","templated":true}]}}