{"id":118362,"date":"2021-11-09T11:02:36","date_gmt":"2021-11-08T11:02:36","guid":{"rendered":"https:\/\/www.sylvie-monthule.com\/?post_type=product&#038;p=118362\/"},"modified":"2025-02-17T08:48:22","modified_gmt":"2025-02-17T07:48:22","slug":"penisschmuck-aufregung-silber","status":"publish","type":"product","link":"https:\/\/www.sylvie-monthule.com\/de\/juwel\/penisschmuck-aufregung-silber\/","title":{"rendered":"Penisschmuck \u201eAufregung&#8220; Silber"},"content":{"rendered":"<p>Unter Ihrem Geschlecht, ein Juwel, das Ihre Erregung symbolisiert: Ein skulptierter Penis steht aufrecht und wird von einer Frauenhand umarmt. Der Anh\u00e4nger, der an der Kette h\u00e4ngt, schwingt frei und die Tropfen, die aus ihm entweichen, werden aufgew\u00fchlt&#8230; Ein aufregendes Schmuckst\u00fcck, das Sie gerne tragen und andere entdecken lassen werden&#8230; Werden Sie sich f\u00fcr die goldene oder die silberne Version entscheiden?<\/p>\n","protected":false},"excerpt":{"rendered":"<p>Penisschmuck mit elastischer Basis<br \/>\naus Baumwolle und Ketten<br \/>\nf\u00fcr einen perfekten Sitz.<\/p>\n<p>Silber 10 Mikron auf Metall.<br \/>\nHypoallergen.<\/p>\n","protected":false},"featured_media":117551,"template":"","meta":{"_acf_changed":false},"product_brand":[],"product_cat":[1687,1699],"product_tag":[],"class_list":{"0":"post-118362","1":"product","2":"type-product","3":"status-publish","4":"has-post-thumbnail","6":"product_cat-schmuck-fur-ihn","7":"product_cat-penis-schmuck","8":"collection-leidenschaftlich-nackt","10":"first","11":"instock","12":"taxable","13":"shipping-taxable","14":"purchasable","15":"product-type-simple"},"acf":[],"_links":{"self":[{"href":"https:\/\/www.sylvie-monthule.com\/de\/wp-json\/wp\/v2\/product\/118362","targetHints":{"allow":["GET"]}}],"collection":[{"href":"https:\/\/www.sylvie-monthule.com\/de\/wp-json\/wp\/v2\/product"}],"about":[{"href":"https:\/\/www.sylvie-monthule.com\/de\/wp-json\/wp\/v2\/types\/product"}],"wp:featuredmedia":[{"embeddable":true,"href":"https:\/\/www.sylvie-monthule.com\/de\/wp-json\/wp\/v2\/media\/117551"}],"wp:attachment":[{"href":"https:\/\/www.sylvie-monthule.com\/de\/wp-json\/wp\/v2\/media?parent=118362"}],"wp:term":[{"taxonomy":"product_brand","embeddable":true,"href":"https:\/\/www.sylvie-monthule.com\/de\/wp-json\/wp\/v2\/product_brand?post=118362"},{"taxonomy":"product_cat","embeddable":true,"href":"https:\/\/www.sylvie-monthule.com\/de\/wp-json\/wp\/v2\/product_cat?post=118362"},{"taxonomy":"product_tag","embeddable":true,"href":"https:\/\/www.sylvie-monthule.com\/de\/wp-json\/wp\/v2\/product_tag?post=118362"}],"curies":[{"name":"wp","href":"https:\/\/api.w.org\/{rel}","templated":true}]}}