{"id":118355,"date":"2021-11-09T11:02:38","date_gmt":"2021-11-08T11:02:38","guid":{"rendered":"https:\/\/www.sylvie-monthule.com\/?post_type=product&#038;p=118355\/"},"modified":"2025-02-17T08:48:34","modified_gmt":"2025-02-17T07:48:34","slug":"bauchkette-penisskulptur-silber","status":"publish","type":"product","link":"https:\/\/www.sylvie-monthule.com\/de\/juwel\/bauchkette-penisskulptur-silber\/","title":{"rendered":"Bauchkette \u201ePenisskulptur&#8220; Silber"},"content":{"rendered":"<p>In der W\u00f6lbung Ihres Ges\u00e4\u00dfes erhebt sich ein Penis, eine erhabene erotische Skulptur! Ein paar silberne Perlen entweichen, wie Tropfen der Freude. Die Perlen gleiten an den Ketten entlang und gleitet zwischen deine Pobacken. K\u00f6stliche Schauer durch Ihren K\u00f6rper laufen. Auf deiner Haut gl\u00e4nzt der Penis und Sie bewundern jedes Detail davon; die Hand der Frau, die es umarmt die subtil erigierte Eichel&#8230; Ein gewagtes Juwel, so provokant! Eine sehr sexy Taillenkette.<\/p>\n","protected":false},"excerpt":{"rendered":"<p>Geben Sie im Block Ihre Gr\u00f6\u00dfe an:<br \/>\nS, M, L, XL \u2026 Egal welche Gr\u00f6\u00dfe<br \/>\nSie ausw\u00e4hlen, unser Taillenschmuck<br \/>\nist verstellbar.<\/p>\n<p>Silber 10 Mikron auf Metall<br \/>\nHypoallergen.<\/p>\n","protected":false},"featured_media":117671,"template":"","meta":{"_acf_changed":false},"product_brand":[],"product_cat":[1683,1694],"product_tag":[],"class_list":{"0":"post-118355","1":"product","2":"type-product","3":"status-publish","4":"has-post-thumbnail","6":"product_cat-schmuck-fur-sie","7":"product_cat-taillenketten-fusketten","8":"collection-leidenschaftlich-nackt","10":"first","11":"instock","12":"taxable","13":"shipping-taxable","14":"purchasable","15":"product-type-variable","16":"has-default-attributes"},"acf":[],"_links":{"self":[{"href":"https:\/\/www.sylvie-monthule.com\/de\/wp-json\/wp\/v2\/product\/118355","targetHints":{"allow":["GET"]}}],"collection":[{"href":"https:\/\/www.sylvie-monthule.com\/de\/wp-json\/wp\/v2\/product"}],"about":[{"href":"https:\/\/www.sylvie-monthule.com\/de\/wp-json\/wp\/v2\/types\/product"}],"wp:featuredmedia":[{"embeddable":true,"href":"https:\/\/www.sylvie-monthule.com\/de\/wp-json\/wp\/v2\/media\/117671"}],"wp:attachment":[{"href":"https:\/\/www.sylvie-monthule.com\/de\/wp-json\/wp\/v2\/media?parent=118355"}],"wp:term":[{"taxonomy":"product_brand","embeddable":true,"href":"https:\/\/www.sylvie-monthule.com\/de\/wp-json\/wp\/v2\/product_brand?post=118355"},{"taxonomy":"product_cat","embeddable":true,"href":"https:\/\/www.sylvie-monthule.com\/de\/wp-json\/wp\/v2\/product_cat?post=118355"},{"taxonomy":"product_tag","embeddable":true,"href":"https:\/\/www.sylvie-monthule.com\/de\/wp-json\/wp\/v2\/product_tag?post=118355"}],"curies":[{"name":"wp","href":"https:\/\/api.w.org\/{rel}","templated":true}]}}